{"id":100,"date":"2013-08-13T12:39:49","date_gmt":"2013-08-13T11:39:49","guid":{"rendered":"http:\/\/www.st-jacques-lorraine.fr\/asso_lorraine\/nvx_site\/?page_id=100"},"modified":"2013-08-13T12:40:38","modified_gmt":"2013-08-13T11:40:38","slug":"la-nourriture","status":"publish","type":"page","link":"https:\/\/www.st-jacques-lorraine.fr\/asso_lorraine\/nvx_site\/association\/conseils-avant-de-partir-sur-le-chemin\/la-nourriture\/","title":{"rendered":"La nourriture&#8230;."},"content":{"rendered":"<p style=\"text-align: center;\"><a href=\"https:\/\/www.st-jacques-lorraine.fr\/asso_lorraine\/nvx_site\/wp-content\/uploads\/2013\/08\/DSC05905.jpg\"><img loading=\"lazy\" decoding=\"async\" alt=\"DSC05905\" src=\"https:\/\/www.st-jacques-lorraine.fr\/asso_lorraine\/nvx_site\/wp-content\/uploads\/2013\/08\/DSC05905-300x225.jpg\" width=\"180\" height=\"135\" \/><\/a><\/p>\n<p style=\"text-align: center;\">Tu ne pars pas au d\u00e9sert, tu trouveras chaque jour de quoi te\u00a0ravitailler. Il est judicieux tout de m\u00eame, d\u2019avoir toujours dans son sac un\u00a0<em id=\"__mceDel\">morceau de pain et un accompagnement (sardines, fromage \u00e0 tartiner, etc\u2026).<\/em><\/p>\n<p style=\"text-align: center;\"><em id=\"__mceDel\"><em id=\"__mceDel\">De pr\u00e9f\u00e9rence le soir \u00e0 l\u2019\u00e9tape, tu ach\u00e8teras le n\u00e9cessaire pour la journ\u00e9e du<br \/>\nlendemain (petit d\u00e9jeuner, d\u00e9jeuner, et un \u00ab en-cas \u00bb pour l\u2019apr\u00e8s-midi).<\/em><\/em><\/p>\n<p style=\"text-align: center;\"><em id=\"__mceDel\"><em id=\"__mceDel\">Le matin, tu auras soin de prendre un copieux petit d\u00e9jeuner au \u00a0refuge. En Espagne, on ne se l\u00e8ve pas t\u00f4t, et m\u00eame les caf\u00e9s ouvrent tard.\u00a0S\u2019il t\u2019arrive de loger chez l\u2019habitant ou \u00e0 l\u2019h\u00f4tel, ne sois pas vex\u00e9 si on te\u00a0demande de payer quand tu arrives, ton h\u00f4telier t\u2019expliquera ensuite\u00a0comment partir le lendemain matin sans le r\u00e9veiller. Dans la mesure du\u00a0possible, tu prendras un repas chaud et consistant par jour, de pr\u00e9f\u00e9rence \u00e0\u00a0l\u2019\u00e9tape du soir.\u00a0Dans certains refuges, tu trouveras tout le n\u00e9cessaire pour cuisiner.<br \/>\nC\u2019est sympa de partager ses pr\u00e9parations culinaires avec d\u2019autres p\u00e8lerins<br \/>\nvenus de tous horizons de la plan\u00e8te, et dont tu ne conna\u00eetras pas toujours la\u00a0langue.<br \/>\nIl y a souvent, \u00e0 proximit\u00e9 du refuge, une ou plusieurs auberges qui<br \/>\nproposent un \u00ab menu del peregrino \u00bb vin et caf\u00e9 compris pour un prix entre 8<br \/>\net 12 \u20ac. Ce sont \u00e9galement des lieux de convivialit\u00e9 m\u00eame si tu ne parles pas<br \/>\nl\u2019espagnol dont tu assimileras rapidement les termes les plus usit\u00e9s<br \/>\nCertains monast\u00e8res ou refuges proposent eux aussi un repas du<br \/>\np\u00e8lerin, ou m\u00eame une simple soupe \u00e0 l\u2019ail compl\u00e9t\u00e9e par ce que chacun apporte<br \/>\nen partage ; il en restera, \u00e0 coup s\u00fbr, d\u2019excellents souvenirs.<br \/>\nAu cours de tes pique-nique dans la nature, tu auras soin de mettre<br \/>\ntes d\u00e9chets dans un sac en plastique que tu garderas jusqu\u2019\u00e0 la premi\u00e8re<br \/>\npoubelle rencontr\u00e9e. L\u2019environnement et la r\u00e9putation des p\u00e8lerins ne<br \/>\npeuvent qu\u2019y gagner. Il n\u2019y a pas de probl\u00e8me d\u2019eau, et tu rempliras ta gourde<br \/>\nau fur et \u00e0 mesure aux fontaines ou chez l\u2019habitant.<a href=\"https:\/\/www.st-jacques-lorraine.fr\/asso_lorraine\/nvx_site\/wp-content\/uploads\/2013\/08\/DSC05905.jpg\"><br \/>\n<\/a><\/em><\/em><\/p>\n","protected":false},"excerpt":{"rendered":"<p>Tu ne pars pas au d\u00e9sert, tu trouveras chaque jour de quoi te\u00a0ravitailler. Il est judicieux tout de m\u00eame, d\u2019avoir toujours dans son sac un\u00a0morceau de pain et un accompagnement (sardines, fromage \u00e0 tartiner, etc\u2026). De pr\u00e9f\u00e9rence le soir \u00e0 &hellip; <a href=\"https:\/\/www.st-jacques-lorraine.fr\/asso_lorraine\/nvx_site\/association\/conseils-avant-de-partir-sur-le-chemin\/la-nourriture\/\">Continuer la lecture <span class=\"meta-nav\">&rarr;<\/span><\/a><\/p>\n","protected":false},"author":2,"featured_media":0,"parent":18,"menu_order":4,"comment_status":"closed","ping_status":"closed","template":"onecolumn-page.php","meta":{"footnotes":""},"class_list":["post-100","page","type-page","status-publish","hentry"],"_links":{"self":[{"href":"https:\/\/www.st-jacques-lorraine.fr\/asso_lorraine\/nvx_site\/wp-json\/wp\/v2\/pages\/100","targetHints":{"allow":["GET"]}}],"collection":[{"href":"https:\/\/www.st-jacques-lorraine.fr\/asso_lorraine\/nvx_site\/wp-json\/wp\/v2\/pages"}],"about":[{"href":"https:\/\/www.st-jacques-lorraine.fr\/asso_lorraine\/nvx_site\/wp-json\/wp\/v2\/types\/page"}],"author":[{"embeddable":true,"href":"https:\/\/www.st-jacques-lorraine.fr\/asso_lorraine\/nvx_site\/wp-json\/wp\/v2\/users\/2"}],"replies":[{"embeddable":true,"href":"https:\/\/www.st-jacques-lorraine.fr\/asso_lorraine\/nvx_site\/wp-json\/wp\/v2\/comments?post=100"}],"version-history":[{"count":5,"href":"https:\/\/www.st-jacques-lorraine.fr\/asso_lorraine\/nvx_site\/wp-json\/wp\/v2\/pages\/100\/revisions"}],"predecessor-version":[{"id":106,"href":"https:\/\/www.st-jacques-lorraine.fr\/asso_lorraine\/nvx_site\/wp-json\/wp\/v2\/pages\/100\/revisions\/106"}],"up":[{"embeddable":true,"href":"https:\/\/www.st-jacques-lorraine.fr\/asso_lorraine\/nvx_site\/wp-json\/wp\/v2\/pages\/18"}],"wp:attachment":[{"href":"https:\/\/www.st-jacques-lorraine.fr\/asso_lorraine\/nvx_site\/wp-json\/wp\/v2\/media?parent=100"}],"curies":[{"name":"wp","href":"https:\/\/api.w.org\/{rel}","templated":true}]}}