{"id":107,"date":"2013-08-13T12:41:24","date_gmt":"2013-08-13T11:41:24","guid":{"rendered":"http:\/\/www.st-jacques-lorraine.fr\/asso_lorraine\/nvx_site\/?page_id=107"},"modified":"2014-08-23T17:16:18","modified_gmt":"2014-08-23T16:16:18","slug":"larrivee-a-santiago","status":"publish","type":"page","link":"https:\/\/www.st-jacques-lorraine.fr\/asso_lorraine\/nvx_site\/association\/conseils-avant-de-partir-sur-le-chemin\/larrivee-a-santiago\/","title":{"rendered":"L&rsquo;arriv\u00e9e \u00e0 Santiago&#8230;."},"content":{"rendered":"<p>Dans la mesure du possible, il est pr\u00e9f\u00e9rable d\u2019arriver \u00e0 Compostelle dans la matin\u00e9e<br \/>\napr\u00e8s une courte \u00e9tape.<br \/>\nAu n\u00b01 Rua de Villar (juste \u00e0 c\u00f4t\u00e9 de la cath\u00e9drale) se trouve l\u2019Office d\u2019accueil des<br \/>\np\u00e8lerins qui d\u00e9livre la compostela. Tu y trouveras les adresses des centres d\u2019accueil si tu ne<br \/>\nles a pas encore r\u00e9cup\u00e9r\u00e9s dans les derniers refuges; il y a de nombreux petits h\u00f4tels ou<br \/>\npensions. Peu avant la cath\u00e9drale tu seras s\u00fbrement accost\u00e9 pour des propositions de<br \/>\nchambres chez l\u2019habitant, attention \u00e0 bien se mettre d\u2019accord sur le prix.<br \/>\nA la cath\u00e9drale, on c\u00e9l\u00e8bre la messe des p\u00e8lerins tous les jours \u00e0 midi. Au c\u00e9l\u00e8bre<br \/>\nportail de la gloire, on ne peut plus mettre ses doigts dans les traces laiss\u00e9es par tous les<br \/>\np\u00e8lerins qui t\u2019ont pr\u00e9c\u00e9d\u00e9, sur le marbre de la colonne de Jess\u00e9 supportant le Christ et Saint<br \/>\nJacques; et il n\u2019est plus possible de poser son front contre celui de ma\u00eetre Mat\u00e9o repr\u00e9sent\u00e9<br \/>\nau dos de cette colonne, dans l\u2019espoir d\u2019obtenir une du g\u00e9nie du cr\u00e9ateur du portique de la<br \/>\ngloire.<br \/>\nApr\u00e8s avoir parcouru la nef en silence, tu iras te recueillir dans la crypte devant le<br \/>\ntombeau de Saint Jacques; un autre escalier conduit \u00e0 la statue qui surplombe le ma\u00eetre-autel,<br \/>\net tu pourras alors faire l\u2019abrazo al Apostolo, c\u2019est-\u00e0-dire l\u2019accolade. En tant que fran\u00e7ais, tu<br \/>\nauras \u00e0 coeur de te recueillir dans la chapelle du Roi de France, encore appel\u00e9e chapelle du<br \/>\nSauveur (chapelle axiale derri\u00e8re le choeur, \u00e0 c\u00f4t\u00e9 de la porte sainte int\u00e9rieure.)<br \/>\nEn dehors des ann\u00e9es saintes, le botafumeiro (encensoir g\u00e9ant) est actionn\u00e9 \u00e0<br \/>\nl\u2019occasion des grandes f\u00eates religieuses, ou le jour de la f\u00eate d\u2019un grand saint. (Saint<br \/>\nFran\u00e7ois, Saint Dominique, etc.)<br \/>\nLes jours d\u2019affluence, il est vivement conseill\u00e9 d\u2019aller \u00e0 la cath\u00e9drale le matin, d\u00e8s<br \/>\nl\u2019ouverture.<br \/>\nL\u2019Office de Tourisme, 43 Rua do Vilay, te donnera un plan de la ville et toutes informations<br \/>\npour la visite de la ville ou les excursions.<br \/>\nPlace de l\u2019Obradorio, l\u2019H\u00f4tel des Rois Catholiques, ancien h\u00f4pital pour p\u00e8lerins,<br \/>\ndevenu \u00ab Parador \u00bb de grand luxe, offre le repas gratuit le matin, midi et soir aux dix<br \/>\npremiers p\u00e8lerins qui se pr\u00e9sentent munis de leur compostela (dans les 3 jours de sa<br \/>\nd\u00e9livrance)<br \/>\nEn dehors du plein centre-ville, la visite \u00e0 la Coll\u00e9giale Santa Maria do Sar (pr\u00e8s de la<br \/>\ngare) m\u00e9rite une visite.<br \/>\nSi tu n\u2019est pas trop press\u00e9 de rentrer, tu pourras continuer jusqu\u2019au Cap Finist\u00e8re (\u00e0<br \/>\n90 kms) o\u00f9 une attestation de fin de p\u00e8lerinage te sera d\u00e9livr\u00e9e. Plus rapide, 20 minutes de<br \/>\ntrain te permettra de d\u00e9couvrir Padron o\u00f9 aurait \u00e9chou\u00e9 la barque ramenant le corps de Saint<br \/>\nJacques; \u00e0 l\u2019\u00e9glise Santiago sous le ma\u00eetre-autel tu verras la borne romaine \u00e0 laquelle fut<br \/>\nattach\u00e9e la barque; tu pourras \u00e9galement visiter la Coll\u00e8giale d\u2019Ira Flavia, la plus ancienne<br \/>\n\u00e9glise au monde d\u00e9di\u00e9e au culte de la Vierge.<br \/>\n\u00ab Au terme, soit fier d\u2019avoir r\u00e9ussi, d\u2019avoir d\u00e9pass\u00e9 tes limites, d\u2019avoir vaincu tes<br \/>\npeurs, d\u2019avoir\u2026\u2026\u2026..ALLELUIA<\/p>\n","protected":false},"excerpt":{"rendered":"<p>Dans la mesure du possible, il est pr\u00e9f\u00e9rable d\u2019arriver \u00e0 Compostelle dans la matin\u00e9e apr\u00e8s une courte \u00e9tape. Au n\u00b01 Rua de Villar (juste \u00e0 c\u00f4t\u00e9 de la cath\u00e9drale) se trouve l\u2019Office d\u2019accueil des p\u00e8lerins qui d\u00e9livre la compostela. Tu &hellip; <a href=\"https:\/\/www.st-jacques-lorraine.fr\/asso_lorraine\/nvx_site\/association\/conseils-avant-de-partir-sur-le-chemin\/larrivee-a-santiago\/\">Continuer la lecture <span class=\"meta-nav\">&rarr;<\/span><\/a><\/p>\n","protected":false},"author":2,"featured_media":0,"parent":18,"menu_order":7,"comment_status":"closed","ping_status":"closed","template":"onecolumn-page.php","meta":{"footnotes":""},"class_list":["post-107","page","type-page","status-publish","hentry"],"_links":{"self":[{"href":"https:\/\/www.st-jacques-lorraine.fr\/asso_lorraine\/nvx_site\/wp-json\/wp\/v2\/pages\/107","targetHints":{"allow":["GET"]}}],"collection":[{"href":"https:\/\/www.st-jacques-lorraine.fr\/asso_lorraine\/nvx_site\/wp-json\/wp\/v2\/pages"}],"about":[{"href":"https:\/\/www.st-jacques-lorraine.fr\/asso_lorraine\/nvx_site\/wp-json\/wp\/v2\/types\/page"}],"author":[{"embeddable":true,"href":"https:\/\/www.st-jacques-lorraine.fr\/asso_lorraine\/nvx_site\/wp-json\/wp\/v2\/users\/2"}],"replies":[{"embeddable":true,"href":"https:\/\/www.st-jacques-lorraine.fr\/asso_lorraine\/nvx_site\/wp-json\/wp\/v2\/comments?post=107"}],"version-history":[{"count":3,"href":"https:\/\/www.st-jacques-lorraine.fr\/asso_lorraine\/nvx_site\/wp-json\/wp\/v2\/pages\/107\/revisions"}],"predecessor-version":[{"id":846,"href":"https:\/\/www.st-jacques-lorraine.fr\/asso_lorraine\/nvx_site\/wp-json\/wp\/v2\/pages\/107\/revisions\/846"}],"up":[{"embeddable":true,"href":"https:\/\/www.st-jacques-lorraine.fr\/asso_lorraine\/nvx_site\/wp-json\/wp\/v2\/pages\/18"}],"wp:attachment":[{"href":"https:\/\/www.st-jacques-lorraine.fr\/asso_lorraine\/nvx_site\/wp-json\/wp\/v2\/media?parent=107"}],"curies":[{"name":"wp","href":"https:\/\/api.w.org\/{rel}","templated":true}]}}