{"id":112,"date":"2013-08-13T12:46:43","date_gmt":"2013-08-13T11:46:43","guid":{"rendered":"http:\/\/www.st-jacques-lorraine.fr\/asso_lorraine\/nvx_site\/?page_id=112"},"modified":"2025-12-15T18:27:52","modified_gmt":"2025-12-15T17:27:52","slug":"notre-bulletin-dinformations","status":"publish","type":"page","link":"https:\/\/www.st-jacques-lorraine.fr\/asso_lorraine\/nvx_site\/association\/notre-bulletin-dinformations\/","title":{"rendered":"Bulletin d&rsquo;information (le bourdon)"},"content":{"rendered":"<p><a href=\"https:\/\/www.st-jacques-lorraine.fr\/asso_lorraine\/nvx_site\/wp-content\/uploads\/2013\/08\/arton14771-793a3.jpg\"><img loading=\"lazy\" decoding=\"async\" class=\"alignleft wp-image-1171\" src=\"https:\/\/www.st-jacques-lorraine.fr\/asso_lorraine\/nvx_site\/wp-content\/uploads\/2013\/08\/arton14771-793a3.jpg\" alt=\"arton14771-793a3\" width=\"60\" height=\"60\" \/><\/a>Le bourdon :<\/p>\n<p><a href=\"https:\/\/www.st-jacques-lorraine.fr\/asso_lorraine\/nvx_site\/wp-content\/uploads\/2015\/09\/arton15103-dbe25.jpg\"><img loading=\"lazy\" decoding=\"async\" class=\"alignleft wp-image-1168\" src=\"https:\/\/www.st-jacques-lorraine.fr\/asso_lorraine\/nvx_site\/wp-content\/uploads\/2015\/09\/arton15103-dbe25.jpg\" alt=\"arton15103-dbe25\" width=\"61\" height=\"60\" \/><\/a>vous pouvez contribuer \u00e0 sa r\u00e9alisation en adressant des articles par email \u00e0 : <a href=\"mailto:saintjacqueslorraine@gmail.com\"><span style=\"color: #3366ff;\">saintjacqueslorraine@gmail.com<\/span><\/a><\/p>\n<p><strong>Il para\u00eet trois fois par an.<\/strong><\/p>\n<p>Une version en pdf est t\u00e9l\u00e9chargeable sur le site internet pour les non-adh\u00e9rents (<a href=\"https:\/\/www.st-jacques-lorraine.fr\/asso_lorraine\/nvx_site\/la-documentation-archives\/les-anciens-bourdons\/\">documentations &#8211; anciens bourdons<\/a>).<br \/>\nL&rsquo;envoi postal est gratuit pour les adh\u00e9rents.<\/p>\n","protected":false},"excerpt":{"rendered":"<p>Le bourdon : vous pouvez contribuer \u00e0 sa r\u00e9alisation en adressant des articles par email \u00e0 : saintjacqueslorraine@gmail.com Il para\u00eet trois fois par an. Une version en pdf est t\u00e9l\u00e9chargeable sur le site internet pour les non-adh\u00e9rents (documentations &#8211; anciens &hellip; <a href=\"https:\/\/www.st-jacques-lorraine.fr\/asso_lorraine\/nvx_site\/association\/notre-bulletin-dinformations\/\">Continuer la lecture <span class=\"meta-nav\">&rarr;<\/span><\/a><\/p>\n","protected":false},"author":2,"featured_media":0,"parent":16,"menu_order":3,"comment_status":"closed","ping_status":"closed","template":"onecolumn-page.php","meta":{"footnotes":""},"class_list":["post-112","page","type-page","status-publish","hentry"],"_links":{"self":[{"href":"https:\/\/www.st-jacques-lorraine.fr\/asso_lorraine\/nvx_site\/wp-json\/wp\/v2\/pages\/112","targetHints":{"allow":["GET"]}}],"collection":[{"href":"https:\/\/www.st-jacques-lorraine.fr\/asso_lorraine\/nvx_site\/wp-json\/wp\/v2\/pages"}],"about":[{"href":"https:\/\/www.st-jacques-lorraine.fr\/asso_lorraine\/nvx_site\/wp-json\/wp\/v2\/types\/page"}],"author":[{"embeddable":true,"href":"https:\/\/www.st-jacques-lorraine.fr\/asso_lorraine\/nvx_site\/wp-json\/wp\/v2\/users\/2"}],"replies":[{"embeddable":true,"href":"https:\/\/www.st-jacques-lorraine.fr\/asso_lorraine\/nvx_site\/wp-json\/wp\/v2\/comments?post=112"}],"version-history":[{"count":19,"href":"https:\/\/www.st-jacques-lorraine.fr\/asso_lorraine\/nvx_site\/wp-json\/wp\/v2\/pages\/112\/revisions"}],"predecessor-version":[{"id":3723,"href":"https:\/\/www.st-jacques-lorraine.fr\/asso_lorraine\/nvx_site\/wp-json\/wp\/v2\/pages\/112\/revisions\/3723"}],"up":[{"embeddable":true,"href":"https:\/\/www.st-jacques-lorraine.fr\/asso_lorraine\/nvx_site\/wp-json\/wp\/v2\/pages\/16"}],"wp:attachment":[{"href":"https:\/\/www.st-jacques-lorraine.fr\/asso_lorraine\/nvx_site\/wp-json\/wp\/v2\/media?parent=112"}],"curies":[{"name":"wp","href":"https:\/\/api.w.org\/{rel}","templated":true}]}}