{"id":161,"date":"2013-08-15T13:34:57","date_gmt":"2013-08-15T12:34:57","guid":{"rendered":"http:\/\/www.st-jacques-lorraine.fr\/asso_lorraine\/nvx_site\/?page_id=161"},"modified":"2023-11-19T22:12:22","modified_gmt":"2023-11-19T21:12:22","slug":"le-patrimoine-de-la-region","status":"publish","type":"page","link":"https:\/\/www.st-jacques-lorraine.fr\/asso_lorraine\/nvx_site\/carto\/le-patrimoine-de-la-region\/","title":{"rendered":"Patrimoine de la r\u00e9gion"},"content":{"rendered":"<p style=\"text-align: center;\">Retrouvez quelques \u00e9l\u00e9ments du patrimoine de notre r\u00e9gion, en naviguant sur ce site :<br \/>\n<a href=\"https:\/\/www.tourisme-lorraine.fr\/patrimoine\/\">https:\/\/www.tourisme-lorraine.fr\/patrimoine\/<\/a><\/p>\n<p style=\"text-align: center;\"><a href=\"https:\/\/www.st-jacques-lorraine.fr\/asso_lorraine\/nvx_site\/wp-content\/uploads\/2013\/08\/lorraine.jpg\"><img loading=\"lazy\" decoding=\"async\" class=\" size-thumbnail wp-image-1087 aligncenter\" src=\"https:\/\/www.st-jacques-lorraine.fr\/asso_lorraine\/nvx_site\/wp-content\/uploads\/2013\/08\/lorraine-150x150.jpg\" alt=\"lorraine\" width=\"150\" height=\"150\" \/><\/a><\/p>\n<p style=\"text-align: center;\">\n","protected":false},"excerpt":{"rendered":"<p>Retrouvez quelques \u00e9l\u00e9ments du patrimoine de notre r\u00e9gion, en naviguant sur ce site : https:\/\/www.tourisme-lorraine.fr\/patrimoine\/<\/p>\n","protected":false},"author":2,"featured_media":0,"parent":940,"menu_order":3,"comment_status":"closed","ping_status":"closed","template":"","meta":{"footnotes":""},"class_list":["post-161","page","type-page","status-publish","hentry"],"_links":{"self":[{"href":"https:\/\/www.st-jacques-lorraine.fr\/asso_lorraine\/nvx_site\/wp-json\/wp\/v2\/pages\/161","targetHints":{"allow":["GET"]}}],"collection":[{"href":"https:\/\/www.st-jacques-lorraine.fr\/asso_lorraine\/nvx_site\/wp-json\/wp\/v2\/pages"}],"about":[{"href":"https:\/\/www.st-jacques-lorraine.fr\/asso_lorraine\/nvx_site\/wp-json\/wp\/v2\/types\/page"}],"author":[{"embeddable":true,"href":"https:\/\/www.st-jacques-lorraine.fr\/asso_lorraine\/nvx_site\/wp-json\/wp\/v2\/users\/2"}],"replies":[{"embeddable":true,"href":"https:\/\/www.st-jacques-lorraine.fr\/asso_lorraine\/nvx_site\/wp-json\/wp\/v2\/comments?post=161"}],"version-history":[{"count":9,"href":"https:\/\/www.st-jacques-lorraine.fr\/asso_lorraine\/nvx_site\/wp-json\/wp\/v2\/pages\/161\/revisions"}],"predecessor-version":[{"id":2391,"href":"https:\/\/www.st-jacques-lorraine.fr\/asso_lorraine\/nvx_site\/wp-json\/wp\/v2\/pages\/161\/revisions\/2391"}],"up":[{"embeddable":true,"href":"https:\/\/www.st-jacques-lorraine.fr\/asso_lorraine\/nvx_site\/wp-json\/wp\/v2\/pages\/940"}],"wp:attachment":[{"href":"https:\/\/www.st-jacques-lorraine.fr\/asso_lorraine\/nvx_site\/wp-json\/wp\/v2\/media?parent=161"}],"curies":[{"name":"wp","href":"https:\/\/api.w.org\/{rel}","templated":true}]}}