{"id":171,"date":"2013-08-15T13:44:56","date_gmt":"2013-08-15T12:44:56","guid":{"rendered":"http:\/\/www.st-jacques-lorraine.fr\/asso_lorraine\/nvx_site\/?page_id=171"},"modified":"2025-01-10T10:20:53","modified_gmt":"2025-01-10T09:20:53","slug":"des-liens-vers-dautres-sites","status":"publish","type":"page","link":"https:\/\/www.st-jacques-lorraine.fr\/asso_lorraine\/nvx_site\/la-documentation-archives\/des-liens-vers-dautres-sites\/","title":{"rendered":"Des liens vers d&rsquo;autres sites"},"content":{"rendered":"<p style=\"text-align: center;\" align=\"JUSTIFY\"><a href=\"https:\/\/www.st-jacques-lorraine.fr\/asso_lorraine\/nvx_site\/wp-content\/uploads\/2013\/08\/05228232-photo-web-logo.jpg\"><img loading=\"lazy\" decoding=\"async\" class=\" wp-image-175 aligncenter\" src=\"https:\/\/www.st-jacques-lorraine.fr\/asso_lorraine\/nvx_site\/wp-content\/uploads\/2013\/08\/05228232-photo-web-logo-300x300.jpg\" alt=\"05228232-photo-web-logo\" width=\"180\" height=\"180\" srcset=\"https:\/\/www.st-jacques-lorraine.fr\/asso_lorraine\/nvx_site\/wp-content\/uploads\/2013\/08\/05228232-photo-web-logo-300x300.jpg 300w, https:\/\/www.st-jacques-lorraine.fr\/asso_lorraine\/nvx_site\/wp-content\/uploads\/2013\/08\/05228232-photo-web-logo-150x150.jpg 150w, https:\/\/www.st-jacques-lorraine.fr\/asso_lorraine\/nvx_site\/wp-content\/uploads\/2013\/08\/05228232-photo-web-logo.jpg 450w\" sizes=\"auto, (max-width: 180px) 100vw, 180px\" \/><\/a><a href=\"https:\/\/www.amis-de-compostelle.fr\/\">https:\/\/www.amis-de-compostelle.fr\/<\/a><br \/>\n(Soci\u00e9t\u00e9 Fran\u00e7aise des Amis de St Jacques de Compostelle)<\/p>\n<p style=\"text-align: center;\"><a href=\"http:\/\/www.af-ccc.fr\">http:\/\/www.af-ccc.fr<\/a><br \/>\n(Association Franc-Comptoise des Chemins de Compostelle)<\/p>\n<p style=\"text-align: center;\" align=\"JUSTIFY\"><a href=\"https:\/\/accr-bfc.fr\">https:\/\/accr-bfc.fr\u00a0<\/a><br \/>\n(Association des Chemins de Compostelle et de Rome)<\/p>\n<p style=\"text-align: center;\" align=\"JUSTIFY\"><span style=\"color: #000000;\"><span style=\"font-family: 'Trebuchet MS', sans-serif;\"><a href=\"http:\/\/www.saint-jacques-alsace.org\/\">http:\/\/www.saint-jacques-alsace.org<\/a><br \/>\n(Site des Amis de Saint-Jacques en Alsace)<\/span><\/span><\/p>\n<p style=\"text-align: center;\" align=\"JUSTIFY\">\u00a0<a href=\"http:\/\/www.compostelle2000.org\/\"><span style=\"color: #000000;\"><span style=\"font-family: 'Trebuchet MS', sans-serif;\">https:\/\/compostelle2000.org<\/span><\/span><\/a><br \/>\n(Association d&rsquo;aide aux p\u00e8lerins en Ile-de-France)<\/p>\n<p style=\"text-align: center;\" align=\"JUSTIFY\">\u00a0<span style=\"color: #000000;\"><span style=\"font-family: 'Trebuchet MS', sans-serif;\"><a href=\"http:\/\/www.aucoeurduchemin.org\/\">http:\/\/www.aucoeurduchemin.org<\/a><br \/>\n<a href=\"https:\/\/www.compostelle.fr\/\">https:\/\/www.compostelle.fr\/<\/a><br \/>\n(Les amis de Saint-Jacques de Compostelle en Pyr\u00e9n\u00e9es Atlantiques, Espagne et Portugal)<\/p>\n<p><\/span><\/span>\u00a0<span style=\"color: #000000;\"><span style=\"font-family: 'Trebuchet MS', sans-serif;\"><a href=\"http:\/\/www.saint-jacques-aquitaine.com\/\">http:\/\/www.saint-jacques-aquitaine.com<\/a><br \/>\n(Association des amis de Saint-Jacques en Aquitaine)<\/span><\/span><\/p>\n<p style=\"text-align: center;\" align=\"JUSTIFY\"><span style=\"color: #000000;\"><span style=\"font-family: 'Trebuchet MS', sans-serif;\"><a href=\"http:\/\/www.amis-st-jacques.org\/\">http:\/\/portail-s.amis-st-jacques.org\/<\/a><br \/>\n(Compostelle en Rh\u00f4nes Alpes)<\/span><\/span><\/p>\n<p style=\"text-align: center;\" align=\"JUSTIFY\">\u00a0<span style=\"color: #000000;\"><span style=\"font-family: 'Trebuchet MS', sans-serif;\"><a href=\"http:\/\/www.ffsp.fr\/\">http:\/\/www.ffsp.fr<\/a><br \/>\n(F\u00e9d\u00e9ration Fran\u00e7aise des Sports Populaires)<\/span><\/span><\/p>\n<p style=\"text-align: center;\" align=\"JUSTIFY\"><a href=\"http:\/\/www.ffrandonnee.fr\">http:\/\/www.ffrandonnee.fr<\/a><br \/>\n(F\u00e9d\u00e9ration Fran\u00e7aise de la Randonn\u00e9e P\u00e9destre)<\/p>\n<p style=\"text-align: center;\" align=\"JUSTIFY\"><a href=\"http:\/\/www.randonneurs-pelerins.com\/\">http:\/\/www.randonneurs-pelerins.com\/<\/a><br \/>\n(Association et Randonneurs p\u00e8lerins de la Marne)<\/p>\n<p style=\"text-align: center;\" align=\"JUSTIFY\"><span style=\"color: #000080;\"><span style=\"font-family: 'Trebuchet MS', sans-serif;\"><a href=\"http:\/\/chemindecompostelle.com\/\" target=\"_blank\" rel=\"noopener noreferrer\">http:\/\/chemindecompostelle.com<\/a><br \/>\n(Chemin de Compostelle, tout pr\u00e9parer depuis le Puy en Velay)<\/span><\/span><\/p>\n<p style=\"text-align: center;\" align=\"JUSTIFY\"><a href=\"http:\/\/www.chemins-compostelle.com\">http:\/\/www.chemins-compostelle.com<\/a><br \/>\n(Agence Fran\u00e7aise des Chemins de Compostelle)<\/p>\n<p style=\"text-align: center;\" align=\"JUSTIFY\"><a href=\"http:\/\/www.compostelle28.org\/\" target=\"_blank\" rel=\"noopener noreferrer\">http:\/\/www.compostelle28.org\/<\/a><br \/>\n(Association des Amis de Saint-Jacques Eure et Loir)<\/p>\n","protected":false},"excerpt":{"rendered":"<p>https:\/\/www.amis-de-compostelle.fr\/ (Soci\u00e9t\u00e9 Fran\u00e7aise des Amis de St Jacques de Compostelle) http:\/\/www.af-ccc.fr (Association Franc-Comptoise des Chemins de Compostelle) https:\/\/accr-bfc.fr\u00a0 (Association des Chemins de Compostelle et de Rome) http:\/\/www.saint-jacques-alsace.org (Site des Amis de Saint-Jacques en Alsace) \u00a0https:\/\/compostelle2000.org (Association d&rsquo;aide aux p\u00e8lerins en &hellip; <a href=\"https:\/\/www.st-jacques-lorraine.fr\/asso_lorraine\/nvx_site\/la-documentation-archives\/des-liens-vers-dautres-sites\/\">Continuer la lecture <span class=\"meta-nav\">&rarr;<\/span><\/a><\/p>\n","protected":false},"author":2,"featured_media":0,"parent":21,"menu_order":2,"comment_status":"closed","ping_status":"closed","template":"","meta":{"footnotes":""},"class_list":["post-171","page","type-page","status-publish","hentry"],"_links":{"self":[{"href":"https:\/\/www.st-jacques-lorraine.fr\/asso_lorraine\/nvx_site\/wp-json\/wp\/v2\/pages\/171","targetHints":{"allow":["GET"]}}],"collection":[{"href":"https:\/\/www.st-jacques-lorraine.fr\/asso_lorraine\/nvx_site\/wp-json\/wp\/v2\/pages"}],"about":[{"href":"https:\/\/www.st-jacques-lorraine.fr\/asso_lorraine\/nvx_site\/wp-json\/wp\/v2\/types\/page"}],"author":[{"embeddable":true,"href":"https:\/\/www.st-jacques-lorraine.fr\/asso_lorraine\/nvx_site\/wp-json\/wp\/v2\/users\/2"}],"replies":[{"embeddable":true,"href":"https:\/\/www.st-jacques-lorraine.fr\/asso_lorraine\/nvx_site\/wp-json\/wp\/v2\/comments?post=171"}],"version-history":[{"count":22,"href":"https:\/\/www.st-jacques-lorraine.fr\/asso_lorraine\/nvx_site\/wp-json\/wp\/v2\/pages\/171\/revisions"}],"predecessor-version":[{"id":3199,"href":"https:\/\/www.st-jacques-lorraine.fr\/asso_lorraine\/nvx_site\/wp-json\/wp\/v2\/pages\/171\/revisions\/3199"}],"up":[{"embeddable":true,"href":"https:\/\/www.st-jacques-lorraine.fr\/asso_lorraine\/nvx_site\/wp-json\/wp\/v2\/pages\/21"}],"wp:attachment":[{"href":"https:\/\/www.st-jacques-lorraine.fr\/asso_lorraine\/nvx_site\/wp-json\/wp\/v2\/media?parent=171"}],"curies":[{"name":"wp","href":"https:\/\/api.w.org\/{rel}","templated":true}]}}