{"id":178,"date":"2013-08-15T13:51:33","date_gmt":"2013-08-15T12:51:33","guid":{"rendered":"http:\/\/www.st-jacques-lorraine.fr\/asso_lorraine\/nvx_site\/?page_id=178"},"modified":"2026-02-15T10:35:58","modified_gmt":"2026-02-15T09:35:58","slug":"la-bibliographie","status":"publish","type":"page","link":"https:\/\/www.st-jacques-lorraine.fr\/asso_lorraine\/nvx_site\/la-documentation-archives\/la-bibliographie\/","title":{"rendered":"La bibliographie et les guides"},"content":{"rendered":"<ul>\n<li><strong>Les DVD sur le Chemin :<\/strong><\/li>\n<\/ul>\n<p><strong>\u00ab\u00a0Les chemins de Compostelle six p\u00e8lerins en qu\u00eate de<\/strong>\u00a0<strong>sens\u00a0\u00bb<\/strong> Ed Jupiter.films.com<\/p>\n<p><strong>\u00ab\u00a0Compostelle : le chemin de la Vie\u00a0\u00bb\u00a0<\/strong>Freddy Mouchard<br \/>\nLe r\u00e9alisateur a suivi, pendant trois ans, le parcours de plusieurs p\u00e8lerins. Aucun de leur chemin n&rsquo;est identique.<\/p>\n<p><strong>\u00ab\u00a0Sur les chemins de St Jacques de Compostelle\u00a0\u00bb<\/strong> Ed Le Jour du Seigneur<br \/>\nCarine Poidatz, Laurent Chartier, Gr\u00e9goire Gosset, Olivier Brunet<\/p>\n<p><strong>\u00ab\u00a0The Way\u00a0\u00bb<\/strong> un film de Emilio Estevez (2014)<br \/>\nTom, m\u00e9decin am\u00e9ricain se rend d&rsquo;urgence en France o\u00f9 son fils vient de dispara\u00eetre lors d&rsquo;un accident en montagne. Il d\u00e9couvre sur place que ce fils qu&rsquo;il n&rsquo;a jamais compris avait entrepris le p\u00e8lerinage de Compostelle. Tom d\u00e9cide alors de prendre le Camino&#8230;.<\/p>\n<p><strong>\u00ab\u00a0Saint Jacques&#8230;La Mecque\u00a0\u00bb<\/strong> un film de Coline Serreau (2005)<br \/>\nAu d\u00e9c\u00e8s de leur m\u00e8re, deux fr\u00e8res et une s\u0153ur apprennent qu&rsquo;ils ne toucheront leur h\u00e9ritage que s&rsquo;ils font ensemble \u00e0 pied, la marche de Puy en Velay vers Saint Jacques de Compostelle. Ils rejoignent leur guide au Puy et d\u00e9couvrent qu&rsquo;ils marchent avec six autres personnes.<\/p>\n<p><strong>\u00ab\u00a0Nous irons tous \u00e0 Compostelle\u00a0\u00bb<\/strong> un film de Bruno Tassan ( janvier 2004)<br \/>\nLe premier DVD du chemin de Saint Jacques de Compostelle par la voie d&rsquo;ARLES<\/p>\n<ul>\n<li><strong>Les romans \/ les r\u00e9cits :<\/strong><\/li>\n<\/ul>\n<p><em>Sur les nouveaux chemins de Compostelle,\u00a0<\/em>Editions Ouest France<\/p>\n<p>GRANDAIS Serge,\u00a0<em>L&rsquo;ange de Compostelle &#8211; Nouvelle \u00e9dition augment\u00e9e<\/em>, Editions Saint L\u00e9ger<\/p>\n<p>BOURLES Jean-Claude,\u00a0<em>Le grand chemin de Compostelle<\/em>, Editions Petit Biblioth\u00e8que Payot<\/p>\n<p>BERTRANDY Antoine,\u00a0<em>Vers Compostelle : dr\u00f4les de rencontres<\/em>, Editions Transbor\u00e9al<\/p>\n<p>LEWIS KRAUS Gideon,\u00a0<em>Le p\u00e8lerin d\u00e9sorient\u00e9 qui cherchait Kyoto \u00e0 Compostelle<\/em>, Editions Marabout<\/p>\n<p>MOREAU Manon,\u00a0<em>Le vestibule des causes perdues<\/em>, Editions Pocket<\/p>\n<p>ANAYA GAUTIER C\u00e9line,\u00a0<em>Dis maman, c&rsquo;est encore loin Compostelle ?<\/em> Editions Le Passeur<\/p>\n<p>DE RAUGLAUDRE Nicolas,\u00a0<em>R\u00e9cit d&rsquo;un p\u00e8lerin unijambiste sur le chemin de Compostelle<\/em>, Editions Fran\u00e7ois Lep\u00e8re<\/p>\n<p>RUFIN Jean Christophe, <em>Immortelle randonn\u00e9e Compostelle malgr\u00e9 moi<\/em>, Editions Gu\u00e9rin, 2013<\/p>\n<p>ALIX DE SAINT ANDRE, <em>En avant, route !<\/em>, Editions Galimard, 2010, 307 pages<\/p>\n<p>PAULIN Jean Marie, <em>Semeur d&rsquo;espoir sur les Chemins<\/em>, Editions Le passage des Heures, 2005, 205pages<\/p>\n<p>BADY Jacques, <em>Compostelle, carnet d&rsquo;un p\u00e8lerin,<\/em> Editions Ouest France, Rennes, 2002,<\/p>\n<p>GANTELET L\u00e9o, <em>En si bon chemin&#8230;<\/em> , Lepere Editions, 2002<\/p>\n<p>BOURLES Jean Claude, <em>Passants de Compostelle,<\/em> Petite Biblioth\u00e8que PAYOT, 2002, 208 pages<\/p>\n<p>BOURLES Jean Claude, Retour \u00e0 Conques Sur le chemin de Compostelle, Petite Biblioth\u00e8que PAYOT, 2001, 185 pages<\/p>\n<p>Docteur AUBLIN Jean Baptiste, <em>ALLEZ A PIED<\/em>, <em>Du Puy en Velay \u00e0 Saint Jacques de Compostelle<\/em>, Edition L&rsquo;Aisne Nouvelle, Saint Quentin, 1988<\/p>\n<ul>\n<li><strong>Les guides\u00a0<\/strong><\/li>\n<\/ul>\n<p style=\"text-align: justify;\">Les topoguides : <a href=\"https:\/\/boutique.ffrandonnee.fr\/topoguides\">https:\/\/boutique.ffrandonnee.fr\/topoguides<\/a><br \/>\nLe guide Michelin de Compostelle :<a href=\"https:\/\/boutique.laventure.michelin.com\"> https:\/\/boutique.laventure.michelin.com<\/a><br \/>\nLes guides pratiques des \u00e9ditions Lep\u00e8re : <a href=\"https:\/\/www.chemin-compostelle.fr\/\">https:\/\/www.chemin-compostelle.fr\/<\/a><br \/>\nLes guides Miam Miam Dodo : <a href=\"https:\/\/www.levieuxcrayon.com\/7-guides-miam-miam-dodo\">https:\/\/www.levieuxcrayon.com\/7-guides-miam-miam-dodo<\/a><br \/>\nLes guides Rando Editions, BD et carnets de voyages : <a href=\"https:\/\/www.glenat.com\/\">www.glenat.com<\/a><\/p>\n<ul>\n<li><strong>Les revues :<\/strong><\/li>\n<\/ul>\n<p>Revue Codex &#8211; 2000 ans d&rsquo;aventure chr\u00e9tienne &#8211; Num\u00e9ro 19 (avril 2021) &#8211;\u00a0<em>\u00ab\u00a0Le saint voyage de Compostelle\u00a0\u00bb<\/em><\/p>\n<p>P\u00e8lerin Magazine &#8211;\u00a0<em>\u00ab\u00a0Marcher en qu\u00eate de sens\u00a0\u00bb<\/em> &#8211; Hors s\u00e9rie mars 2019<\/p>\n<p>Compostelle &#8211; Cahier d&rsquo;\u00e9tudes, de recherche et d&rsquo;histoire compostellanesLa vie hors s\u00e9rie, <em>Sp\u00e9cial Compostelle Marcher pour se retrouver<\/em>, 2010, \u00a066 pages<\/p>\n<p>Grand Reportages, <em>Sp\u00e9cial Compostelle, LA MAGIE DU CHEMIN<\/em>, n\u00b0 331 S, Juillet 2009<\/p>\n<ul>\n<li><strong>L&rsquo;aspect historique et descriptif du chemin :<\/strong><\/li>\n<\/ul>\n<p>HUCHET Patrick, BOELLE Yvon, <em>Sur les chemins de COMPOSTELLE<\/em>, Editions Ouest France, Rennes, 2002, 246 pages<\/p>\n<p>BRIAIS Bernard, <em>Les chemins de Saint Jacques de COMPOSTELLE<\/em>, De Bor\u00e9e, 2009, 186 pages<\/p>\n<p>ROUX &#8211; PERNO Julie, COMPOSTELLE, <em>Histoire et chemins de p\u00e8lerinage \u00e0 Saint-Jacques,<\/em> De Visu, Vic en Bigorre, 2007, 159 pages<\/p>\n<p><em>Le livre d&rsquo;Or de COMPOSTELLE, cent l\u00e9gendes et r\u00e9cits de p\u00e8lerins du Moyen Age \u00e0 nos jours<\/em>, Editions Bayard, Paris, 2004<\/p>\n<p><strong>Autres :<\/strong><\/p>\n<p><iframe loading=\"lazy\" title=\"Chemins de Compostelle - LE FILM COMPLET : 1 MILLION DE PAS\" width=\"640\" height=\"360\" src=\"https:\/\/www.youtube.com\/embed\/biyZWH6jtgs?feature=oembed\" frameborder=\"0\" allow=\"accelerometer; autoplay; clipboard-write; encrypted-media; gyroscope; picture-in-picture; web-share\" referrerpolicy=\"strict-origin-when-cross-origin\" allowfullscreen><\/iframe><\/p>\n<p><em>365 m\u00e9ditations En chemin vers Compostelle,\u00a0<\/em><a href=\"https:\/\/patrimoine.blog.lepelerin.com\/?s=m%C3%A9ditations&amp;submit=\">https:\/\/patrimoine.blog.lepelerin.com\/?s=m%C3%A9ditations&amp;submit=<\/a><\/p>\n<p><iframe loading=\"lazy\" title=\"33 jours de marche sur Compostelle (Film Complet)\" width=\"640\" height=\"360\" src=\"https:\/\/www.youtube.com\/embed\/GL28vHx0TOE?feature=oembed\" frameborder=\"0\" allow=\"accelerometer; autoplay; clipboard-write; encrypted-media; gyroscope; picture-in-picture; web-share\" referrerpolicy=\"strict-origin-when-cross-origin\" allowfullscreen><\/iframe><\/p>\n","protected":false},"excerpt":{"rendered":"<p>Les DVD sur le Chemin : \u00ab\u00a0Les chemins de Compostelle six p\u00e8lerins en qu\u00eate de\u00a0sens\u00a0\u00bb Ed Jupiter.films.com \u00ab\u00a0Compostelle : le chemin de la Vie\u00a0\u00bb\u00a0Freddy Mouchard Le r\u00e9alisateur a suivi, pendant trois ans, le parcours de plusieurs p\u00e8lerins. Aucun de leur &hellip; <a href=\"https:\/\/www.st-jacques-lorraine.fr\/asso_lorraine\/nvx_site\/la-documentation-archives\/la-bibliographie\/\">Continuer la lecture <span class=\"meta-nav\">&rarr;<\/span><\/a><\/p>\n","protected":false},"author":2,"featured_media":0,"parent":21,"menu_order":3,"comment_status":"closed","ping_status":"closed","template":"","meta":{"footnotes":""},"class_list":["post-178","page","type-page","status-publish","hentry"],"_links":{"self":[{"href":"https:\/\/www.st-jacques-lorraine.fr\/asso_lorraine\/nvx_site\/wp-json\/wp\/v2\/pages\/178","targetHints":{"allow":["GET"]}}],"collection":[{"href":"https:\/\/www.st-jacques-lorraine.fr\/asso_lorraine\/nvx_site\/wp-json\/wp\/v2\/pages"}],"about":[{"href":"https:\/\/www.st-jacques-lorraine.fr\/asso_lorraine\/nvx_site\/wp-json\/wp\/v2\/types\/page"}],"author":[{"embeddable":true,"href":"https:\/\/www.st-jacques-lorraine.fr\/asso_lorraine\/nvx_site\/wp-json\/wp\/v2\/users\/2"}],"replies":[{"embeddable":true,"href":"https:\/\/www.st-jacques-lorraine.fr\/asso_lorraine\/nvx_site\/wp-json\/wp\/v2\/comments?post=178"}],"version-history":[{"count":15,"href":"https:\/\/www.st-jacques-lorraine.fr\/asso_lorraine\/nvx_site\/wp-json\/wp\/v2\/pages\/178\/revisions"}],"predecessor-version":[{"id":3772,"href":"https:\/\/www.st-jacques-lorraine.fr\/asso_lorraine\/nvx_site\/wp-json\/wp\/v2\/pages\/178\/revisions\/3772"}],"up":[{"embeddable":true,"href":"https:\/\/www.st-jacques-lorraine.fr\/asso_lorraine\/nvx_site\/wp-json\/wp\/v2\/pages\/21"}],"wp:attachment":[{"href":"https:\/\/www.st-jacques-lorraine.fr\/asso_lorraine\/nvx_site\/wp-json\/wp\/v2\/media?parent=178"}],"curies":[{"name":"wp","href":"https:\/\/api.w.org\/{rel}","templated":true}]}}