{"id":183,"date":"2013-08-15T13:54:24","date_gmt":"2013-08-15T12:54:24","guid":{"rendered":"http:\/\/www.st-jacques-lorraine.fr\/asso_lorraine\/nvx_site\/?page_id=183"},"modified":"2026-03-20T07:39:34","modified_gmt":"2026-03-20T06:39:34","slug":"les-commissions","status":"publish","type":"page","link":"https:\/\/www.st-jacques-lorraine.fr\/asso_lorraine\/nvx_site\/association\/les-commissions\/","title":{"rendered":"Commissions"},"content":{"rendered":"<p>Les commissions sont les suivantes :<\/p>\n<ul>\n<li>H\u00e9bergements : Alain SCHMITT<\/li>\n<li>Chemins lorrains : Pierre GOBERT,\u00a0 Pierre MARCOT<\/li>\n<li>Chemin vosgien de Saales \u00e0 Serqueux : Jean COURIVAUD, Pierre MARCOT, Alain SCHMITT<\/li>\n<li>Communication : Jacques BOURCIER<\/li>\n<li>Internet : Christine BAGUET-BROGGINI<\/li>\n<li>Bourdon lorrain : Philippe RICHARD<\/li>\n<\/ul>\n<p><a href=\"https:\/\/www.st-jacques-lorraine.fr\/asso_lorraine\/nvx_site\/wp-content\/uploads\/2023\/03\/Balisage.jpg\"><img loading=\"lazy\" decoding=\"async\" class=\"alignnone  wp-image-2158\" src=\"https:\/\/www.st-jacques-lorraine.fr\/asso_lorraine\/nvx_site\/wp-content\/uploads\/2023\/03\/Balisage-300x224.jpg\" alt=\"\" width=\"142\" height=\"106\" srcset=\"https:\/\/www.st-jacques-lorraine.fr\/asso_lorraine\/nvx_site\/wp-content\/uploads\/2023\/03\/Balisage-300x224.jpg 300w, https:\/\/www.st-jacques-lorraine.fr\/asso_lorraine\/nvx_site\/wp-content\/uploads\/2023\/03\/Balisage.jpg 437w\" sizes=\"auto, (max-width: 142px) 100vw, 142px\" \/>\u00a0 <\/a><a href=\"https:\/\/www.st-jacques-lorraine.fr\/asso_lorraine\/nvx_site\/wp-content\/uploads\/2023\/03\/Chant-accueil.jpg\"><img loading=\"lazy\" decoding=\"async\" class=\"alignnone  wp-image-2159\" src=\"https:\/\/www.st-jacques-lorraine.fr\/asso_lorraine\/nvx_site\/wp-content\/uploads\/2023\/03\/Chant-accueil-300x225.jpg\" alt=\"\" width=\"140\" height=\"105\" srcset=\"https:\/\/www.st-jacques-lorraine.fr\/asso_lorraine\/nvx_site\/wp-content\/uploads\/2023\/03\/Chant-accueil-300x225.jpg 300w, https:\/\/www.st-jacques-lorraine.fr\/asso_lorraine\/nvx_site\/wp-content\/uploads\/2023\/03\/Chant-accueil.jpg 603w\" sizes=\"auto, (max-width: 140px) 100vw, 140px\" \/>\u00a0 <\/a><a href=\"https:\/\/www.st-jacques-lorraine.fr\/asso_lorraine\/nvx_site\/wp-content\/uploads\/2023\/03\/Hebergements.jpg\"><img loading=\"lazy\" decoding=\"async\" class=\"alignnone  wp-image-2160\" src=\"https:\/\/www.st-jacques-lorraine.fr\/asso_lorraine\/nvx_site\/wp-content\/uploads\/2023\/03\/Hebergements-300x225.jpg\" alt=\"\" width=\"141\" height=\"106\" srcset=\"https:\/\/www.st-jacques-lorraine.fr\/asso_lorraine\/nvx_site\/wp-content\/uploads\/2023\/03\/Hebergements-300x225.jpg 300w, https:\/\/www.st-jacques-lorraine.fr\/asso_lorraine\/nvx_site\/wp-content\/uploads\/2023\/03\/Hebergements.jpg 483w\" sizes=\"auto, (max-width: 141px) 100vw, 141px\" \/>\u00a0 <\/a><a href=\"https:\/\/www.st-jacques-lorraine.fr\/asso_lorraine\/nvx_site\/wp-content\/uploads\/2023\/03\/Site-web.jpg\"><img loading=\"lazy\" decoding=\"async\" class=\"alignnone  wp-image-2161\" src=\"https:\/\/www.st-jacques-lorraine.fr\/asso_lorraine\/nvx_site\/wp-content\/uploads\/2023\/03\/Site-web-300x225.jpg\" alt=\"\" width=\"140\" height=\"105\" srcset=\"https:\/\/www.st-jacques-lorraine.fr\/asso_lorraine\/nvx_site\/wp-content\/uploads\/2023\/03\/Site-web-300x225.jpg 300w, https:\/\/www.st-jacques-lorraine.fr\/asso_lorraine\/nvx_site\/wp-content\/uploads\/2023\/03\/Site-web.jpg 710w\" sizes=\"auto, (max-width: 140px) 100vw, 140px\" \/><\/a><\/p>\n<p><strong>Commission Guide :<\/strong><\/p>\n<p>Une\u00a0 \u00e9dition enrichie a \u00e9t\u00e9 mise \u00e0 jour en\u00a0 2026.<\/p>\n<p style=\"text-align: center;\"><a href=\"https:\/\/www.st-jacques-lorraine.fr\/asso_lorraine\/nvx_site\/wp-content\/uploads\/2013\/08\/22-TOUL-2.jpg\"><img loading=\"lazy\" decoding=\"async\" class=\"aligncenter size-thumbnail wp-image-512\" src=\"https:\/\/www.st-jacques-lorraine.fr\/asso_lorraine\/nvx_site\/wp-content\/uploads\/2013\/08\/22-TOUL-2-150x150.jpg\" alt=\"22 TOUL (2)\" width=\"150\" height=\"150\" \/><\/a><\/p>\n<p style=\"text-align: center;\"><span style=\"text-decoration: underline;\"><em>un extrait d&rsquo;une\u00a0 page du guide.<\/em><\/span><\/p>\n","protected":false},"excerpt":{"rendered":"<p>Les commissions sont les suivantes : H\u00e9bergements : Alain SCHMITT Chemins lorrains : Pierre GOBERT,\u00a0 Pierre MARCOT Chemin vosgien de Saales \u00e0 Serqueux : Jean COURIVAUD, Pierre MARCOT, Alain SCHMITT Communication : Jacques BOURCIER Internet : Christine BAGUET-BROGGINI Bourdon lorrain &hellip; <a href=\"https:\/\/www.st-jacques-lorraine.fr\/asso_lorraine\/nvx_site\/association\/les-commissions\/\">Continuer la lecture <span class=\"meta-nav\">&rarr;<\/span><\/a><\/p>\n","protected":false},"author":2,"featured_media":0,"parent":16,"menu_order":2,"comment_status":"closed","ping_status":"closed","template":"","meta":{"footnotes":""},"class_list":["post-183","page","type-page","status-publish","hentry"],"_links":{"self":[{"href":"https:\/\/www.st-jacques-lorraine.fr\/asso_lorraine\/nvx_site\/wp-json\/wp\/v2\/pages\/183","targetHints":{"allow":["GET"]}}],"collection":[{"href":"https:\/\/www.st-jacques-lorraine.fr\/asso_lorraine\/nvx_site\/wp-json\/wp\/v2\/pages"}],"about":[{"href":"https:\/\/www.st-jacques-lorraine.fr\/asso_lorraine\/nvx_site\/wp-json\/wp\/v2\/types\/page"}],"author":[{"embeddable":true,"href":"https:\/\/www.st-jacques-lorraine.fr\/asso_lorraine\/nvx_site\/wp-json\/wp\/v2\/users\/2"}],"replies":[{"embeddable":true,"href":"https:\/\/www.st-jacques-lorraine.fr\/asso_lorraine\/nvx_site\/wp-json\/wp\/v2\/comments?post=183"}],"version-history":[{"count":35,"href":"https:\/\/www.st-jacques-lorraine.fr\/asso_lorraine\/nvx_site\/wp-json\/wp\/v2\/pages\/183\/revisions"}],"predecessor-version":[{"id":3868,"href":"https:\/\/www.st-jacques-lorraine.fr\/asso_lorraine\/nvx_site\/wp-json\/wp\/v2\/pages\/183\/revisions\/3868"}],"up":[{"embeddable":true,"href":"https:\/\/www.st-jacques-lorraine.fr\/asso_lorraine\/nvx_site\/wp-json\/wp\/v2\/pages\/16"}],"wp:attachment":[{"href":"https:\/\/www.st-jacques-lorraine.fr\/asso_lorraine\/nvx_site\/wp-json\/wp\/v2\/media?parent=183"}],"curies":[{"name":"wp","href":"https:\/\/api.w.org\/{rel}","templated":true}]}}