{"id":2032,"date":"2022-08-02T15:47:11","date_gmt":"2022-08-02T14:47:11","guid":{"rendered":"https:\/\/www.st-jacques-lorraine.fr\/asso_lorraine\/nvx_site\/?page_id=2032"},"modified":"2023-10-17T11:00:30","modified_gmt":"2023-10-17T10:00:30","slug":"fete-de-st-jacques-2022-a-st-jacques-du-stat","status":"publish","type":"page","link":"https:\/\/www.st-jacques-lorraine.fr\/asso_lorraine\/nvx_site\/la-phototheque\/fete-de-st-jacques-2022-a-st-jacques-du-stat\/","title":{"rendered":"2022-07 F\u00eate de St Jacques \u00e0 St Jacques du Stat"},"content":{"rendered":"\n<p>Jean, notre Pr\u00e9sident, et sa femme Anne, Pierre, Marie-Agn\u00e8s et Christine se sont retrouv\u00e9s en ce dimanche 24 juillet \u00e0 St Jacques du Stat (Vosges). <br>Office le matin avec la chorale de St Jacques qui, pour l&rsquo;occasion, \u00e9tait bien en vue dans le choeur derri\u00e8re un autel install\u00e9 aux pieds des marches. Les lustres fra\u00eechement r\u00e9nov\u00e9s (\u00e9lectricit\u00e9, feuilles d&rsquo;or) illuminaient l&rsquo;assembl\u00e9e&#8230; ainsi que le soleil filtrant dans les vitraux.<br> A l&rsquo;issue de l&rsquo;office, et selon la tradition, les maires (oui, St Jacques du Stat d\u00e9pend de La Chapelle devant Bruy\u00e8res et Vienville) et le d\u00e9put\u00e9 (pour l&rsquo;occasion l&rsquo;ancien d\u00e9put\u00e9) ont sonn\u00e9 les cloches de l&rsquo;\u00e9glise \u00e0 toute vol\u00e9e&#8230; et sans s&rsquo;envoler.<br>L&rsquo;ap\u00e9ritif \u00e0 l&rsquo;ext\u00e9rieur (offert par la commission intercommunale) a permis les retrouvailles ; le repas a suivi sous un chapiteau (avec orchestre&#8230; une bonne occasion pour danser) et les Lorrains ont retrouv\u00e9 les Amis d&rsquo;Alsace. Le caf\u00e9 \u00e0 peine d\u00e9gust\u00e9, la chorale nous attendait pour un concert.<br>Une bien belle journ\u00e9e !<\/p>\n\n\n\n<figure class=\"wp-block-gallery has-nested-images columns-default is-cropped wp-block-gallery-1 is-layout-flex wp-block-gallery-is-layout-flex\">\n<figure class=\"wp-block-image size-large\"><a href=\"https:\/\/www.st-jacques-lorraine.fr\/asso_lorraine\/nvx_site\/wp-content\/uploads\/2022\/08\/IMG_20220724_133911972_BURST000_COVER_TOP-2-scaled.jpg\"><img loading=\"lazy\" decoding=\"async\" width=\"1024\" height=\"768\" data-id=\"2039\" src=\"https:\/\/www.st-jacques-lorraine.fr\/asso_lorraine\/nvx_site\/wp-content\/uploads\/2022\/08\/IMG_20220724_133911972_BURST000_COVER_TOP-2-1024x768.jpg\" alt=\"\" class=\"wp-image-2039\" srcset=\"https:\/\/www.st-jacques-lorraine.fr\/asso_lorraine\/nvx_site\/wp-content\/uploads\/2022\/08\/IMG_20220724_133911972_BURST000_COVER_TOP-2-1024x768.jpg 1024w, https:\/\/www.st-jacques-lorraine.fr\/asso_lorraine\/nvx_site\/wp-content\/uploads\/2022\/08\/IMG_20220724_133911972_BURST000_COVER_TOP-2-300x225.jpg 300w, https:\/\/www.st-jacques-lorraine.fr\/asso_lorraine\/nvx_site\/wp-content\/uploads\/2022\/08\/IMG_20220724_133911972_BURST000_COVER_TOP-2-768x576.jpg 768w, https:\/\/www.st-jacques-lorraine.fr\/asso_lorraine\/nvx_site\/wp-content\/uploads\/2022\/08\/IMG_20220724_133911972_BURST000_COVER_TOP-2-1536x1152.jpg 1536w, https:\/\/www.st-jacques-lorraine.fr\/asso_lorraine\/nvx_site\/wp-content\/uploads\/2022\/08\/IMG_20220724_133911972_BURST000_COVER_TOP-2-2048x1536.jpg 2048w\" sizes=\"auto, (max-width: 1024px) 100vw, 1024px\" \/><\/a><figcaption class=\"wp-element-caption\">Repas sous chapiteau<\/figcaption><\/figure>\n\n\n\n<figure class=\"wp-block-image size-large\"><a href=\"https:\/\/www.st-jacques-lorraine.fr\/asso_lorraine\/nvx_site\/wp-content\/uploads\/2022\/08\/IMG_20220724_111501367_BURST000_COVER_TOP-1-scaled.jpg\"><img loading=\"lazy\" decoding=\"async\" width=\"768\" height=\"1024\" data-id=\"2038\" src=\"https:\/\/www.st-jacques-lorraine.fr\/asso_lorraine\/nvx_site\/wp-content\/uploads\/2022\/08\/IMG_20220724_111501367_BURST000_COVER_TOP-1-768x1024.jpg\" alt=\"\" class=\"wp-image-2038\" srcset=\"https:\/\/www.st-jacques-lorraine.fr\/asso_lorraine\/nvx_site\/wp-content\/uploads\/2022\/08\/IMG_20220724_111501367_BURST000_COVER_TOP-1-768x1024.jpg 768w, https:\/\/www.st-jacques-lorraine.fr\/asso_lorraine\/nvx_site\/wp-content\/uploads\/2022\/08\/IMG_20220724_111501367_BURST000_COVER_TOP-1-225x300.jpg 225w, https:\/\/www.st-jacques-lorraine.fr\/asso_lorraine\/nvx_site\/wp-content\/uploads\/2022\/08\/IMG_20220724_111501367_BURST000_COVER_TOP-1-1152x1536.jpg 1152w, https:\/\/www.st-jacques-lorraine.fr\/asso_lorraine\/nvx_site\/wp-content\/uploads\/2022\/08\/IMG_20220724_111501367_BURST000_COVER_TOP-1-1536x2048.jpg 1536w, https:\/\/www.st-jacques-lorraine.fr\/asso_lorraine\/nvx_site\/wp-content\/uploads\/2022\/08\/IMG_20220724_111501367_BURST000_COVER_TOP-1-scaled.jpg 1920w\" sizes=\"auto, (max-width: 768px) 100vw, 768px\" \/><\/a><figcaption class=\"wp-element-caption\">Sonnez, sonnez les choches<\/figcaption><\/figure>\n\n\n\n<figure class=\"wp-block-image size-large\"><a href=\"https:\/\/www.st-jacques-lorraine.fr\/asso_lorraine\/nvx_site\/wp-content\/uploads\/2022\/08\/IMG_20220724_111104371-1-scaled.jpg\"><img loading=\"lazy\" decoding=\"async\" width=\"1024\" height=\"768\" data-id=\"2037\" src=\"https:\/\/www.st-jacques-lorraine.fr\/asso_lorraine\/nvx_site\/wp-content\/uploads\/2022\/08\/IMG_20220724_111104371-1-1024x768.jpg\" alt=\"\" class=\"wp-image-2037\" srcset=\"https:\/\/www.st-jacques-lorraine.fr\/asso_lorraine\/nvx_site\/wp-content\/uploads\/2022\/08\/IMG_20220724_111104371-1-1024x768.jpg 1024w, https:\/\/www.st-jacques-lorraine.fr\/asso_lorraine\/nvx_site\/wp-content\/uploads\/2022\/08\/IMG_20220724_111104371-1-300x225.jpg 300w, https:\/\/www.st-jacques-lorraine.fr\/asso_lorraine\/nvx_site\/wp-content\/uploads\/2022\/08\/IMG_20220724_111104371-1-768x576.jpg 768w, https:\/\/www.st-jacques-lorraine.fr\/asso_lorraine\/nvx_site\/wp-content\/uploads\/2022\/08\/IMG_20220724_111104371-1-1536x1152.jpg 1536w, https:\/\/www.st-jacques-lorraine.fr\/asso_lorraine\/nvx_site\/wp-content\/uploads\/2022\/08\/IMG_20220724_111104371-1-2048x1536.jpg 2048w\" sizes=\"auto, (max-width: 1024px) 100vw, 1024px\" \/><\/a><figcaption class=\"wp-element-caption\">Office du matin<\/figcaption><\/figure>\n<\/figure>\n","protected":false},"excerpt":{"rendered":"<p>Jean, notre Pr\u00e9sident, et sa femme Anne, Pierre, Marie-Agn\u00e8s et Christine se sont retrouv\u00e9s en ce dimanche 24 juillet \u00e0 St Jacques du Stat (Vosges). Office le matin avec la chorale de St Jacques qui, pour l&rsquo;occasion, \u00e9tait bien en &hellip; <a href=\"https:\/\/www.st-jacques-lorraine.fr\/asso_lorraine\/nvx_site\/la-phototheque\/fete-de-st-jacques-2022-a-st-jacques-du-stat\/\">Continuer la lecture <span class=\"meta-nav\">&rarr;<\/span><\/a><\/p>\n","protected":false},"author":2,"featured_media":0,"parent":134,"menu_order":0,"comment_status":"closed","ping_status":"closed","template":"","meta":{"footnotes":""},"class_list":["post-2032","page","type-page","status-publish","hentry"],"_links":{"self":[{"href":"https:\/\/www.st-jacques-lorraine.fr\/asso_lorraine\/nvx_site\/wp-json\/wp\/v2\/pages\/2032","targetHints":{"allow":["GET"]}}],"collection":[{"href":"https:\/\/www.st-jacques-lorraine.fr\/asso_lorraine\/nvx_site\/wp-json\/wp\/v2\/pages"}],"about":[{"href":"https:\/\/www.st-jacques-lorraine.fr\/asso_lorraine\/nvx_site\/wp-json\/wp\/v2\/types\/page"}],"author":[{"embeddable":true,"href":"https:\/\/www.st-jacques-lorraine.fr\/asso_lorraine\/nvx_site\/wp-json\/wp\/v2\/users\/2"}],"replies":[{"embeddable":true,"href":"https:\/\/www.st-jacques-lorraine.fr\/asso_lorraine\/nvx_site\/wp-json\/wp\/v2\/comments?post=2032"}],"version-history":[{"count":2,"href":"https:\/\/www.st-jacques-lorraine.fr\/asso_lorraine\/nvx_site\/wp-json\/wp\/v2\/pages\/2032\/revisions"}],"predecessor-version":[{"id":2302,"href":"https:\/\/www.st-jacques-lorraine.fr\/asso_lorraine\/nvx_site\/wp-json\/wp\/v2\/pages\/2032\/revisions\/2302"}],"up":[{"embeddable":true,"href":"https:\/\/www.st-jacques-lorraine.fr\/asso_lorraine\/nvx_site\/wp-json\/wp\/v2\/pages\/134"}],"wp:attachment":[{"href":"https:\/\/www.st-jacques-lorraine.fr\/asso_lorraine\/nvx_site\/wp-json\/wp\/v2\/media?parent=2032"}],"curies":[{"name":"wp","href":"https:\/\/api.w.org\/{rel}","templated":true}]}}