{"id":2126,"date":"2023-02-22T11:20:33","date_gmt":"2023-02-22T10:20:33","guid":{"rendered":"https:\/\/www.st-jacques-lorraine.fr\/asso_lorraine\/nvx_site\/?page_id=2126"},"modified":"2026-04-20T11:07:32","modified_gmt":"2026-04-20T10:07:32","slug":"contact-info","status":"publish","type":"page","link":"https:\/\/www.st-jacques-lorraine.fr\/asso_lorraine\/nvx_site\/contact-info\/","title":{"rendered":"Contact\/Info"},"content":{"rendered":"\n<p>Pour tous renseignements (h\u00e9bergements, chemins, cr\u00e9denciales, etc\u2026), vous pouvez nous \u00e9crire par email : <\/p>\n\n\n\n<p><strong><a href=\"mailto:saintjacqueslorraine@gmail.com\">saintjacqueslorraine@gmail.com<\/a><\/strong><\/p>\n\n\n\n<p>ou t\u00e9l\u00e9phoner \u00e0 notre Pr\u00e9sident : <strong>Jacques BOURCIER<\/strong> : 06 64 98 62 10<br><br>ou lui envoyer un mail \u00e0 : <a href=\"mailto:jcbourcier5788@free.fr\">jbourcier5788@free.fr<\/a><br><\/p>\n","protected":false},"excerpt":{"rendered":"<p>Pour tous renseignements (h\u00e9bergements, chemins, cr\u00e9denciales, etc\u2026), vous pouvez nous \u00e9crire par email : saintjacqueslorraine@gmail.com ou t\u00e9l\u00e9phoner \u00e0 notre Pr\u00e9sident : Jacques BOURCIER : 06 64 98 62 10 ou lui envoyer un mail \u00e0 : jbourcier5788@free.fr<\/p>\n","protected":false},"author":2,"featured_media":0,"parent":0,"menu_order":0,"comment_status":"closed","ping_status":"closed","template":"","meta":{"footnotes":""},"class_list":["post-2126","page","type-page","status-publish","hentry"],"_links":{"self":[{"href":"https:\/\/www.st-jacques-lorraine.fr\/asso_lorraine\/nvx_site\/wp-json\/wp\/v2\/pages\/2126","targetHints":{"allow":["GET"]}}],"collection":[{"href":"https:\/\/www.st-jacques-lorraine.fr\/asso_lorraine\/nvx_site\/wp-json\/wp\/v2\/pages"}],"about":[{"href":"https:\/\/www.st-jacques-lorraine.fr\/asso_lorraine\/nvx_site\/wp-json\/wp\/v2\/types\/page"}],"author":[{"embeddable":true,"href":"https:\/\/www.st-jacques-lorraine.fr\/asso_lorraine\/nvx_site\/wp-json\/wp\/v2\/users\/2"}],"replies":[{"embeddable":true,"href":"https:\/\/www.st-jacques-lorraine.fr\/asso_lorraine\/nvx_site\/wp-json\/wp\/v2\/comments?post=2126"}],"version-history":[{"count":7,"href":"https:\/\/www.st-jacques-lorraine.fr\/asso_lorraine\/nvx_site\/wp-json\/wp\/v2\/pages\/2126\/revisions"}],"predecessor-version":[{"id":3889,"href":"https:\/\/www.st-jacques-lorraine.fr\/asso_lorraine\/nvx_site\/wp-json\/wp\/v2\/pages\/2126\/revisions\/3889"}],"wp:attachment":[{"href":"https:\/\/www.st-jacques-lorraine.fr\/asso_lorraine\/nvx_site\/wp-json\/wp\/v2\/media?parent=2126"}],"curies":[{"name":"wp","href":"https:\/\/api.w.org\/{rel}","templated":true}]}}