{"id":2268,"date":"2023-09-28T17:05:36","date_gmt":"2023-09-28T16:05:36","guid":{"rendered":"https:\/\/www.st-jacques-lorraine.fr\/asso_lorraine\/nvx_site\/?page_id=2268"},"modified":"2023-10-17T11:07:58","modified_gmt":"2023-10-17T10:07:58","slug":"un-nouvel-abri-a-auzainvilliers","status":"publish","type":"page","link":"https:\/\/www.st-jacques-lorraine.fr\/asso_lorraine\/nvx_site\/la-phototheque\/un-nouvel-abri-a-auzainvilliers\/","title":{"rendered":"2023-09 Un nouvel abri \u00e0 Auzainvilliers"},"content":{"rendered":"\n<p>Grande f\u00eate au village ce 16 septembre 2023 avec l\u2019inauguration de la Borne du Serment de Koufra par le G\u00e9n\u00e9ral Jean-Paul MICHEL pr\u00e9sident de la fondation Mar\u00e9chal Leclerc de Hauteclocque suivie par l\u2019inauguration de l\u2019abri randonneurs (voir article de presse dans la rubrique \u00ab\u00a0Documentation\u00a0\u00bb-\u00ab\u00a0Dans la presse\u00a0\u00bb).<br>L\u2019abri est accol\u00e9 \u00e0 la salle communale qui se situe en bordure du chemin \u00e0 la sortie du village pr\u00e8s du stade en direction des lacs de la Folie.<br>A la demande du maire, Pierre Marcot, membre de notre association, l&rsquo;a assist\u00e9 ensuite le 22 septembre au Palais des Congr\u00e8s d\u2019Epinal pour une remise de prix dans le cadre du salon de l\u2019habitat et du bois. L\u2019abri randonneur a obtenu un prix (voir article de presse dans la rubrique \u00ab\u00a0Documentation\u00a0\u00bb-\u00ab\u00a0Dans la presse\u00a0\u00bb).<\/p>\n\n\n\n<figure class=\"wp-block-image size-full is-resized\"><a href=\"https:\/\/www.st-jacques-lorraine.fr\/asso_lorraine\/nvx_site\/wp-content\/uploads\/2023\/09\/abri-Auzainvilliers.jpg\"><img loading=\"lazy\" decoding=\"async\" src=\"https:\/\/www.st-jacques-lorraine.fr\/asso_lorraine\/nvx_site\/wp-content\/uploads\/2023\/09\/abri-Auzainvilliers.jpg\" alt=\"\" class=\"wp-image-2280\" width=\"292\" height=\"219\" srcset=\"https:\/\/www.st-jacques-lorraine.fr\/asso_lorraine\/nvx_site\/wp-content\/uploads\/2023\/09\/abri-Auzainvilliers.jpg 640w, https:\/\/www.st-jacques-lorraine.fr\/asso_lorraine\/nvx_site\/wp-content\/uploads\/2023\/09\/abri-Auzainvilliers-300x225.jpg 300w\" sizes=\"auto, (max-width: 292px) 100vw, 292px\" \/><\/a><\/figure>\n\n\n\n<p><\/p>\n","protected":false},"excerpt":{"rendered":"<p>Grande f\u00eate au village ce 16 septembre 2023 avec l\u2019inauguration de la Borne du Serment de Koufra par le G\u00e9n\u00e9ral Jean-Paul MICHEL pr\u00e9sident de la fondation Mar\u00e9chal Leclerc de Hauteclocque suivie par l\u2019inauguration de l\u2019abri randonneurs (voir article de presse &hellip; <a href=\"https:\/\/www.st-jacques-lorraine.fr\/asso_lorraine\/nvx_site\/la-phototheque\/un-nouvel-abri-a-auzainvilliers\/\">Continuer la lecture <span class=\"meta-nav\">&rarr;<\/span><\/a><\/p>\n","protected":false},"author":2,"featured_media":0,"parent":134,"menu_order":0,"comment_status":"closed","ping_status":"closed","template":"","meta":{"footnotes":""},"class_list":["post-2268","page","type-page","status-publish","hentry"],"_links":{"self":[{"href":"https:\/\/www.st-jacques-lorraine.fr\/asso_lorraine\/nvx_site\/wp-json\/wp\/v2\/pages\/2268","targetHints":{"allow":["GET"]}}],"collection":[{"href":"https:\/\/www.st-jacques-lorraine.fr\/asso_lorraine\/nvx_site\/wp-json\/wp\/v2\/pages"}],"about":[{"href":"https:\/\/www.st-jacques-lorraine.fr\/asso_lorraine\/nvx_site\/wp-json\/wp\/v2\/types\/page"}],"author":[{"embeddable":true,"href":"https:\/\/www.st-jacques-lorraine.fr\/asso_lorraine\/nvx_site\/wp-json\/wp\/v2\/users\/2"}],"replies":[{"embeddable":true,"href":"https:\/\/www.st-jacques-lorraine.fr\/asso_lorraine\/nvx_site\/wp-json\/wp\/v2\/comments?post=2268"}],"version-history":[{"count":4,"href":"https:\/\/www.st-jacques-lorraine.fr\/asso_lorraine\/nvx_site\/wp-json\/wp\/v2\/pages\/2268\/revisions"}],"predecessor-version":[{"id":2306,"href":"https:\/\/www.st-jacques-lorraine.fr\/asso_lorraine\/nvx_site\/wp-json\/wp\/v2\/pages\/2268\/revisions\/2306"}],"up":[{"embeddable":true,"href":"https:\/\/www.st-jacques-lorraine.fr\/asso_lorraine\/nvx_site\/wp-json\/wp\/v2\/pages\/134"}],"wp:attachment":[{"href":"https:\/\/www.st-jacques-lorraine.fr\/asso_lorraine\/nvx_site\/wp-json\/wp\/v2\/media?parent=2268"}],"curies":[{"name":"wp","href":"https:\/\/api.w.org\/{rel}","templated":true}]}}