{"id":2392,"date":"2023-11-19T22:30:43","date_gmt":"2023-11-19T21:30:43","guid":{"rendered":"https:\/\/www.st-jacques-lorraine.fr\/asso_lorraine\/nvx_site\/?page_id=2392"},"modified":"2026-03-03T08:36:20","modified_gmt":"2026-03-03T07:36:20","slug":"via-francigena","status":"publish","type":"page","link":"https:\/\/www.st-jacques-lorraine.fr\/asso_lorraine\/nvx_site\/notre-boutique\/via-francigena\/","title":{"rendered":"Via Francigena"},"content":{"rendered":"\n<p>L\u2019Association peut vous fournir :<\/p>\n\n\n\n<ul class=\"wp-block-list\">\n<li>le flyer (gratuit, \u00e0 t\u00e9l\u00e9charger ci-dessous)<\/li>\n\n\n\n<li>le livret 2024 avec la liste des h\u00e9bergements (Canterbury\/Rome)<br>au prix de 12 \u20ac + frais de port 5,25 \u20ac (France) 11,65 \u20ac (Europe)<\/li>\n<\/ul>\n\n\n\n<figure class=\"wp-block-image size-large is-resized\"><a href=\"https:\/\/www.st-jacques-lorraine.fr\/asso_lorraine\/nvx_site\/wp-content\/uploads\/2024\/02\/Livret-2024-couverture_page-rotated.jpg\"><img loading=\"lazy\" decoding=\"async\" width=\"721\" height=\"1024\" src=\"https:\/\/www.st-jacques-lorraine.fr\/asso_lorraine\/nvx_site\/wp-content\/uploads\/2024\/02\/Livret-2024-couverture_page-721x1024.jpg\" alt=\"\" class=\"wp-image-2433\" style=\"width:176px;height:249px\" srcset=\"https:\/\/www.st-jacques-lorraine.fr\/asso_lorraine\/nvx_site\/wp-content\/uploads\/2024\/02\/Livret-2024-couverture_page-721x1024.jpg 721w, https:\/\/www.st-jacques-lorraine.fr\/asso_lorraine\/nvx_site\/wp-content\/uploads\/2024\/02\/Livret-2024-couverture_page-211x300.jpg 211w, https:\/\/www.st-jacques-lorraine.fr\/asso_lorraine\/nvx_site\/wp-content\/uploads\/2024\/02\/Livret-2024-couverture_page-768x1090.jpg 768w, https:\/\/www.st-jacques-lorraine.fr\/asso_lorraine\/nvx_site\/wp-content\/uploads\/2024\/02\/Livret-2024-couverture_page-rotated.jpg 874w\" sizes=\"auto, (max-width: 721px) 100vw, 721px\" \/><\/a><\/figure>\n\n\n\n<ul class=\"wp-block-list\">\n<li>la credenziale<br>au prix de 8 \u20ac + frais de port 2,8 \u20ac (France) 4,50 \u20ac (Europe)<\/li>\n<\/ul>\n\n\n\n<figure class=\"wp-block-image size-large is-resized\"><a href=\"https:\/\/www.st-jacques-lorraine.fr\/asso_lorraine\/nvx_site\/wp-content\/uploads\/2024\/02\/credenziale-image-rotated.jpg\"><img loading=\"lazy\" decoding=\"async\" width=\"591\" height=\"1024\" src=\"https:\/\/www.st-jacques-lorraine.fr\/asso_lorraine\/nvx_site\/wp-content\/uploads\/2024\/02\/credenziale-image-591x1024.jpg\" alt=\"\" class=\"wp-image-2427\" style=\"width:174px;height:301px\" srcset=\"https:\/\/www.st-jacques-lorraine.fr\/asso_lorraine\/nvx_site\/wp-content\/uploads\/2024\/02\/credenziale-image-591x1024.jpg 591w, https:\/\/www.st-jacques-lorraine.fr\/asso_lorraine\/nvx_site\/wp-content\/uploads\/2024\/02\/credenziale-image-173x300.jpg 173w, https:\/\/www.st-jacques-lorraine.fr\/asso_lorraine\/nvx_site\/wp-content\/uploads\/2024\/02\/credenziale-image-768x1331.jpg 768w, https:\/\/www.st-jacques-lorraine.fr\/asso_lorraine\/nvx_site\/wp-content\/uploads\/2024\/02\/credenziale-image-887x1536.jpg 887w, https:\/\/www.st-jacques-lorraine.fr\/asso_lorraine\/nvx_site\/wp-content\/uploads\/2024\/02\/credenziale-image-1182x2048.jpg 1182w, https:\/\/www.st-jacques-lorraine.fr\/asso_lorraine\/nvx_site\/wp-content\/uploads\/2024\/02\/credenziale-image-rotated.jpg 1196w\" sizes=\"auto, (max-width: 591px) 100vw, 591px\" \/><\/a><\/figure>\n\n\n\n<p>Vous pouvez nous \u00e9crire par email : <strong><a href=\"mailto:saintjacqueslorraine@gmail.com\">saintjacqueslorraine@gmail.com<\/a><\/strong><\/p>\n\n\n\n<p>ou t\u00e9l\u00e9phoner \u00e0 notre Pr\u00e9sident : <br><br><strong>Jacques BOURCIER<\/strong><br>t\u00e9l : 06 64 98 62 10<br><br>ou lui envoyer un mail : <a href=\"mailto:jcbourcier5788@free.fr\">jcbourcier5788@free.fr<\/a><\/p>\n\n\n\n<div data-wp-interactive=\"core\/file\" class=\"wp-block-file\"><object data-wp-bind--hidden=\"!state.hasPdfPreview\" hidden class=\"wp-block-file__embed\" data=\"https:\/\/www.st-jacques-lorraine.fr\/asso_lorraine\/nvx_site\/wp-content\/uploads\/2024\/02\/flyer-FFVF.pdf\" type=\"application\/pdf\" style=\"width:100%;height:200px\" aria-label=\"Contenu embarqu\u00e9 flyer-FFVF.\"><\/object><a id=\"wp-block-file--media-b77d65f4-0a51-4ce1-82f8-64dffa155147\" href=\"https:\/\/www.st-jacques-lorraine.fr\/asso_lorraine\/nvx_site\/wp-content\/uploads\/2024\/02\/flyer-FFVF.pdf\">flyer-FFVF<\/a><a href=\"https:\/\/www.st-jacques-lorraine.fr\/asso_lorraine\/nvx_site\/wp-content\/uploads\/2024\/02\/flyer-FFVF.pdf\" class=\"wp-block-file__button wp-element-button\" download aria-describedby=\"wp-block-file--media-b77d65f4-0a51-4ce1-82f8-64dffa155147\">T\u00e9l\u00e9charger<\/a><\/div>\n","protected":false},"excerpt":{"rendered":"<p>L\u2019Association peut vous fournir : Vous pouvez nous \u00e9crire par email : saintjacqueslorraine@gmail.com ou t\u00e9l\u00e9phoner \u00e0 notre Pr\u00e9sident : Jacques BOURCIERt\u00e9l : 06 64 98 62 10 ou lui envoyer un mail : jcbourcier5788@free.fr<\/p>\n","protected":false},"author":2,"featured_media":0,"parent":20,"menu_order":0,"comment_status":"closed","ping_status":"closed","template":"","meta":{"footnotes":""},"class_list":["post-2392","page","type-page","status-publish","hentry"],"_links":{"self":[{"href":"https:\/\/www.st-jacques-lorraine.fr\/asso_lorraine\/nvx_site\/wp-json\/wp\/v2\/pages\/2392","targetHints":{"allow":["GET"]}}],"collection":[{"href":"https:\/\/www.st-jacques-lorraine.fr\/asso_lorraine\/nvx_site\/wp-json\/wp\/v2\/pages"}],"about":[{"href":"https:\/\/www.st-jacques-lorraine.fr\/asso_lorraine\/nvx_site\/wp-json\/wp\/v2\/types\/page"}],"author":[{"embeddable":true,"href":"https:\/\/www.st-jacques-lorraine.fr\/asso_lorraine\/nvx_site\/wp-json\/wp\/v2\/users\/2"}],"replies":[{"embeddable":true,"href":"https:\/\/www.st-jacques-lorraine.fr\/asso_lorraine\/nvx_site\/wp-json\/wp\/v2\/comments?post=2392"}],"version-history":[{"count":10,"href":"https:\/\/www.st-jacques-lorraine.fr\/asso_lorraine\/nvx_site\/wp-json\/wp\/v2\/pages\/2392\/revisions"}],"predecessor-version":[{"id":3831,"href":"https:\/\/www.st-jacques-lorraine.fr\/asso_lorraine\/nvx_site\/wp-json\/wp\/v2\/pages\/2392\/revisions\/3831"}],"up":[{"embeddable":true,"href":"https:\/\/www.st-jacques-lorraine.fr\/asso_lorraine\/nvx_site\/wp-json\/wp\/v2\/pages\/20"}],"wp:attachment":[{"href":"https:\/\/www.st-jacques-lorraine.fr\/asso_lorraine\/nvx_site\/wp-json\/wp\/v2\/media?parent=2392"}],"curies":[{"name":"wp","href":"https:\/\/api.w.org\/{rel}","templated":true}]}}