{"id":3173,"date":"2025-01-02T18:07:04","date_gmt":"2025-01-02T17:07:04","guid":{"rendered":"https:\/\/www.st-jacques-lorraine.fr\/asso_lorraine\/nvx_site\/?page_id=3173"},"modified":"2026-03-02T08:48:48","modified_gmt":"2026-03-02T07:48:48","slug":"un-peu-dhistoire-sur-le-pelerinage","status":"publish","type":"page","link":"https:\/\/www.st-jacques-lorraine.fr\/asso_lorraine\/nvx_site\/un-peu-dhistoire-sur-le-pelerinage\/","title":{"rendered":"Voies de p\u00e8lerinage"},"content":{"rendered":"\n<p><\/p>\n\n\n\n<h2 class=\"wp-block-heading\">Ann\u00e9e jubilaire de saint Fran\u00e7ois<\/h2>\n\n\n\n<p>Du 10 janvier 2026 au 10 janvier 2027, se c\u00e9l\u00e8bre une ann\u00e9e sp\u00e9ciale \u00e0 l&rsquo;occasion du huiti\u00e8me centenaire de la mort du saint d&rsquo;Assise.<br>Un d\u00e9cret annonce que des indulgences pl\u00e9ni\u00e8res seront accord\u00e9es : <br>\u00ab\u00a0Que cette ann\u00e9e sp\u00e9ciale nous incite, tous, chacun selon ses possibilit\u00e9s, \u00e0 imiter le pauvre, \u00e0 nous former autant que possible sur le mod\u00e8le du Christ, \u00e0 ne pas r\u00e9duire \u00e0 n\u00e9ant les r\u00e9solutions de l&rsquo;ann\u00e9e sainte qui vient de s&rsquo;\u00e9couler\u00a0\u00bb.<br>\u00ab\u00a0&#8230; chaque fid\u00e8le chr\u00e9tien, \u00e0 l&rsquo;exemple du saint d&rsquo;Assise, se fera lui-m\u00eame mod\u00e8le de saintet\u00e9 de vie et t\u00e9moin constant de paix&#8230;\u00a0\u00bb proclame le 16 janvier le Pape L\u00e9on XIV.<br>Pour l&rsquo;article complet : <a href=\"https:\/\/www.vaticannews.va\/fr.\/pape\/news\/2026-01\/leon-xiv-annee-jubilaire-speciale-dediee-a-saint-francois.html\">https:\/\/www.vaticannews.va\/fr.\/pape\/news\/2026-01\/leon-xiv-annee-jubilaire-speciale-dediee-a-saint-francois.html<\/a><\/p>\n\n\n\n<p><\/p>\n","protected":false},"excerpt":{"rendered":"<p>Ann\u00e9e jubilaire de saint Fran\u00e7ois Du 10 janvier 2026 au 10 janvier 2027, se c\u00e9l\u00e8bre une ann\u00e9e sp\u00e9ciale \u00e0 l&rsquo;occasion du huiti\u00e8me centenaire de la mort du saint d&rsquo;Assise.Un d\u00e9cret annonce que des indulgences pl\u00e9ni\u00e8res seront accord\u00e9es : \u00ab\u00a0Que cette &hellip; <a href=\"https:\/\/www.st-jacques-lorraine.fr\/asso_lorraine\/nvx_site\/un-peu-dhistoire-sur-le-pelerinage\/\">Continuer la lecture <span class=\"meta-nav\">&rarr;<\/span><\/a><\/p>\n","protected":false},"author":2,"featured_media":0,"parent":0,"menu_order":0,"comment_status":"closed","ping_status":"closed","template":"","meta":{"footnotes":""},"class_list":["post-3173","page","type-page","status-publish","hentry"],"_links":{"self":[{"href":"https:\/\/www.st-jacques-lorraine.fr\/asso_lorraine\/nvx_site\/wp-json\/wp\/v2\/pages\/3173","targetHints":{"allow":["GET"]}}],"collection":[{"href":"https:\/\/www.st-jacques-lorraine.fr\/asso_lorraine\/nvx_site\/wp-json\/wp\/v2\/pages"}],"about":[{"href":"https:\/\/www.st-jacques-lorraine.fr\/asso_lorraine\/nvx_site\/wp-json\/wp\/v2\/types\/page"}],"author":[{"embeddable":true,"href":"https:\/\/www.st-jacques-lorraine.fr\/asso_lorraine\/nvx_site\/wp-json\/wp\/v2\/users\/2"}],"replies":[{"embeddable":true,"href":"https:\/\/www.st-jacques-lorraine.fr\/asso_lorraine\/nvx_site\/wp-json\/wp\/v2\/comments?post=3173"}],"version-history":[{"count":18,"href":"https:\/\/www.st-jacques-lorraine.fr\/asso_lorraine\/nvx_site\/wp-json\/wp\/v2\/pages\/3173\/revisions"}],"predecessor-version":[{"id":3810,"href":"https:\/\/www.st-jacques-lorraine.fr\/asso_lorraine\/nvx_site\/wp-json\/wp\/v2\/pages\/3173\/revisions\/3810"}],"wp:attachment":[{"href":"https:\/\/www.st-jacques-lorraine.fr\/asso_lorraine\/nvx_site\/wp-json\/wp\/v2\/media?parent=3173"}],"curies":[{"name":"wp","href":"https:\/\/api.w.org\/{rel}","templated":true}]}}