{"id":3774,"date":"2026-02-17T17:13:58","date_gmt":"2026-02-17T16:13:58","guid":{"rendered":"https:\/\/www.st-jacques-lorraine.fr\/asso_lorraine\/nvx_site\/?page_id=3774"},"modified":"2026-02-17T17:14:57","modified_gmt":"2026-02-17T16:14:57","slug":"compostelle-une-voie-de-pelerinage-tout-dabord-devenue-une-voie-initiatique","status":"publish","type":"page","link":"https:\/\/www.st-jacques-lorraine.fr\/asso_lorraine\/nvx_site\/un-peu-dhistoire-sur-le-pelerinage\/compostelle-une-voie-de-pelerinage-tout-dabord-devenue-une-voie-initiatique\/","title":{"rendered":"Compostelle, une voie de p\u00e8lerinage tout d&rsquo;abord&#8230; devenue une voie initiatique"},"content":{"rendered":"<div class=\"wp-block-image\">\n<figure class=\"aligncenter size-large is-resized\"><a href=\"https:\/\/www.st-jacques-lorraine.fr\/asso_lorraine\/nvx_site\/wp-content\/uploads\/2025\/02\/20250201_133102-scaled.jpg\"><img loading=\"lazy\" decoding=\"async\" width=\"768\" height=\"1024\" src=\"https:\/\/www.st-jacques-lorraine.fr\/asso_lorraine\/nvx_site\/wp-content\/uploads\/2025\/02\/20250201_133102-768x1024.jpg\" alt=\"\" class=\"wp-image-3277\" style=\"width:99px;height:auto\" srcset=\"https:\/\/www.st-jacques-lorraine.fr\/asso_lorraine\/nvx_site\/wp-content\/uploads\/2025\/02\/20250201_133102-768x1024.jpg 768w, https:\/\/www.st-jacques-lorraine.fr\/asso_lorraine\/nvx_site\/wp-content\/uploads\/2025\/02\/20250201_133102-225x300.jpg 225w, https:\/\/www.st-jacques-lorraine.fr\/asso_lorraine\/nvx_site\/wp-content\/uploads\/2025\/02\/20250201_133102-1152x1536.jpg 1152w, https:\/\/www.st-jacques-lorraine.fr\/asso_lorraine\/nvx_site\/wp-content\/uploads\/2025\/02\/20250201_133102-1536x2048.jpg 1536w, https:\/\/www.st-jacques-lorraine.fr\/asso_lorraine\/nvx_site\/wp-content\/uploads\/2025\/02\/20250201_133102-scaled.jpg 1920w\" sizes=\"auto, (max-width: 768px) 100vw, 768px\" \/><\/a><\/figure>\n<\/div>\n\n\n<p>Marcher jusqu&rsquo;au bout de l&rsquo;Espagne pour tomber sur le souvenir d&rsquo;une figure de la Palestine d&rsquo;il y a 2 000 ans, quelle dr\u00f4le d&rsquo;aventure !<br>Jacques est, selon les Evangiles, l&rsquo;un des premiers ap\u00f4tres du Christ et la tradition voit en lui un des \u00e9vang\u00e9lisateurs de cette partie de la M\u00e9diterrann\u00e9e. Revenu en Palestine, il est arr\u00eat\u00e9 et ex\u00e9cut\u00e9 dans les ann\u00e9es quarante apr\u00e8s J.-C. La tradition raconte que son corps fut d\u00e9pos\u00e9 sur une barque qui accosta \u00e0 Padron, en Galice. Ce n&rsquo;est que huit si\u00e8cles plus tard, le 25 juillet 813, qu&rsquo;une \u00e9toile serait venue indiquer \u00e0 Pelayo, un ermite local, l&rsquo;existence d&rsquo;une s\u00e9pulture de ce saint \u00e9voqu\u00e9 dans les Evangiles. Le p\u00e8lerinage vers cet ap\u00f4tre, surnomm\u00e9 dans la Bible de \u00ab\u00a0majeur\u00a0\u00bb, va na\u00eetre peu apr\u00e8s.<\/p>\n\n\n\n<p>Si elle porte le poids des si\u00e8cles, l&rsquo;aventure des chemins de Compostelle est aussi celle d&rsquo;une red\u00e9couverte assez r\u00e9cente. Car, apr\u00e8s des g\u00e9n\u00e9rations de p\u00e8lerins, p\u00e9nitents et autres croyants en qu\u00eate de r\u00e9demption, le \u00ab\u00a0champ de l&rsquo;Etoile\u00a0\u00bb fait signe d\u00e9sormais \u00e0 des marcheurs venus du monde entier et pour une grande diversit\u00e9 de raisons. <\/p>\n\n\n\n<p>Tenter l&rsquo;aventure hors normes, prendre le risque de changer de rythme, retrouver une forme de pr\u00e9carit\u00e9 lib\u00e9ratrice, et r\u00e9orienter le sens de sa vie sur des chemins ouverts par tant de pr\u00e9d\u00e9cesseurs.<br>Sans oublier de retrouver le go\u00fbt du silence, de la rencontre simple, des gestes qui font du bien&#8230; et des le\u00e7ons de la nature, alti\u00e8re et belle. <br>Les chemins de Compostelle ont redonn\u00e9 une \u00e2me \u00e0 ce continent press\u00e9 de modernit\u00e9 et d&rsquo;efficacit\u00e9.<\/p>\n\n\n\n<p><strong>PAROLES EN CHEMIN<\/strong><\/p>\n\n\n\n<p>Andr\u00e9 WEILL : \u00ab\u00a0Regarder plus loin que l&rsquo;horizon\u00a0\u00bb<br>Marcher de village en village pourrait appara\u00eetre routinier. Et d&rsquo;une certaine fa\u00e7on, c&rsquo;est vrai. Sur le chemin, la routine est une vertu \u00e9vidente qu&rsquo;on apprend \u00e0 conna\u00eetre et \u00e0 aimer. Sans y prendre garde, la routine d\u00e9place les montagnes. Le chemin m&rsquo;a appris que l&rsquo;Esprit donnait toujours en temps voulu ce qui \u00e9tait n\u00e9cessaire et non pas ce que mes peurs avaient demand\u00e9es. C&rsquo;est vraiment b\u00eate \u00e0 dire, mais sur le chemin j&rsquo;ai appris que le chemin continue toujours plus loin que l&rsquo;horizon. Les journ\u00e9es de pluie m&rsquo;ont appris la force de l&rsquo;int\u00e9riorit\u00e9, l&rsquo;efficacit\u00e9 du \u00ab\u00a0ne rien faire\u00a0\u00bb, la puissance de l&rsquo;attente patiente. Par-dessus tout la lumi\u00e8re du chemin m&rsquo;a appris \u00e0 dire merci.<\/p>\n\n\n\n<p>Anne ROBBES : \u00ab\u00a0Se relier au vivant\u00a0\u00bb<br>Comment poursuivre sa vie lorsque nos piliers viennent de s&rsquo;effondrer. Lorsque mon couple a vol\u00e9 en \u00e9clats, je suis partie sur le chemin de Compostelle. La beaut\u00e9 de la nature, les rencontres impromptues m&rsquo;ont arrach\u00e9e \u00e0 mes malheurs. Depuis, j&rsquo;ai march\u00e9 sur de nombreux autres chemins. Ils me relient au vivant.<\/p>\n\n\n\n<p>Ji Dahai : \u00ab\u00a0Le pinceau et l&rsquo;encens\u00a0\u00bb<br>Dans mon sac \u00e0 dos, j&rsquo;avais mis le strict minimum pour laisser place \u00e0 mes carnets de notes et de croquis et aux quatre tr\u00e9sors du mandarin : le pinceau, l&rsquo;encrier, le papier en \u00e9corce de santal soigneusement d\u00e9coup\u00e9 au format des soutras et le b\u00e2tonnet d&rsquo;encre de Chine. A Moissac, j&rsquo;ai aim\u00e9 peindre le proph\u00e8te J\u00e9r\u00e9mie sur le trumeau de l&rsquo;abbatiale Saint-Pierre. Je l&rsquo;ai appel\u00e9, comme l&rsquo;un des dix-huit disciples de Bouddha, \u00ab\u00a0le moine aux longues jambes\u00a0\u00bb.<br><\/p>\n\n\n<div class=\"wp-block-image\">\n<figure class=\"aligncenter size-large is-resized\"><a href=\"https:\/\/www.st-jacques-lorraine.fr\/asso_lorraine\/nvx_site\/wp-content\/uploads\/2025\/01\/Prophete-Jeremie-scaled.jpg\"><img loading=\"lazy\" decoding=\"async\" width=\"768\" height=\"1024\" src=\"https:\/\/www.st-jacques-lorraine.fr\/asso_lorraine\/nvx_site\/wp-content\/uploads\/2025\/01\/Prophete-Jeremie-768x1024.jpg\" alt=\"\" class=\"wp-image-3211\" style=\"width:124px;height:auto\" srcset=\"https:\/\/www.st-jacques-lorraine.fr\/asso_lorraine\/nvx_site\/wp-content\/uploads\/2025\/01\/Prophete-Jeremie-768x1024.jpg 768w, https:\/\/www.st-jacques-lorraine.fr\/asso_lorraine\/nvx_site\/wp-content\/uploads\/2025\/01\/Prophete-Jeremie-225x300.jpg 225w, https:\/\/www.st-jacques-lorraine.fr\/asso_lorraine\/nvx_site\/wp-content\/uploads\/2025\/01\/Prophete-Jeremie-1152x1536.jpg 1152w, https:\/\/www.st-jacques-lorraine.fr\/asso_lorraine\/nvx_site\/wp-content\/uploads\/2025\/01\/Prophete-Jeremie-1536x2048.jpg 1536w, https:\/\/www.st-jacques-lorraine.fr\/asso_lorraine\/nvx_site\/wp-content\/uploads\/2025\/01\/Prophete-Jeremie-scaled.jpg 1920w\" sizes=\"auto, (max-width: 768px) 100vw, 768px\" \/><\/a><figcaption class=\"wp-element-caption\">Proph\u00e8te J\u00e9r\u00e9mie<\/figcaption><\/figure>\n<\/div>\n\n\n<p>Mahdi ALIOUI : \u00ab\u00a0La joie et la fiert\u00e9\u00a0\u00bb<br>Je d\u00e9prime \u00e0 longueur d&rsquo;ann\u00e9e et je bous de col\u00e8re contre moi-m\u00eame. Col\u00e8re d&rsquo;avoir une vie si minable, sans aucun sens. Depuis quelques jours ma petite voix me r\u00e9p\u00e8te \u00ab\u00a0Va \u00e0 Compostelle\u00a0\u00bb&#8230; A ce moment l\u00e0, je ne sais pas dans quoi je m&#8217;embarque. J&rsquo;ignore que je vais d\u00e9couvrir un autre monde. Et un autre Mahdi. 65 jours plus tard, j&rsquo;arrive \u00e0 Compostelle. Fixant une statue de Saint-Jacques sur la fa\u00e7ade de la vieille cath\u00e9drale que j&rsquo;aime d&#8217;embl\u00e9e, je me repasse le film de ces derniers mois. Je ne peux contenir mes larmes. J&rsquo;ai r\u00e9ussi ! Je suis fier d&rsquo;avoir tenu le coup, et cela fait si longtemps que je n&rsquo;ai pas \u00e9t\u00e9 fier de moi !<\/p>\n\n\n\n<p>C\u00e9line ANAYA GAUTIER : \u00ab\u00a0Cheminer pour transmettre\u00a0\u00bb<br>Mes chers Santiago et Leandro, il se peut que dans un futur lointain, quand vous serez grands sur les routes de vos propres vies et aventures, vous vous posiez les questions : Pourquoi ? Pourquoi Maman nous a-t-elle propos\u00e9 ce passage de petit homme ? J&rsquo;avais une urgence : je voulais que vous sachiez tr\u00e8s rapidement vous d\u00e9brouiller seuls, que vous soyez ind\u00e9pendants dans vos t\u00eates, que vos esprits soient libres et que vous ayez une grande confiance en la vie. Au contact du chemin et de ses p\u00e8lerins, immerg\u00e9s dans la nature et au rythme de vos pas, je vous ai vus comprendre que le sacr\u00e9 n&rsquo;est pas seulement histoire de religion, mais qu&rsquo;il est pr\u00e9sent dans chaque petite chose et chaque \u00eatre qui nous entoure. Emerveillement.<\/p>\n\n\n\n<p>Yvon BOELLE : \u00ab\u00a0Parcours d&rsquo;un photographe sur le chemin de l&rsquo;\u00e9toile\u00a0\u00bb<br>Je revis ces instants magiques o\u00f9 j&rsquo;ai d\u00e9couvert les monts d&rsquo;Aubrac, au sortir de la Margeride et du G\u00e9vaudan. Je ressens intens\u00e9ment ce vertige vertical qui nous submerge devant un paysage sans fin, sans rep\u00e8res. Je remonte les marches us\u00e9es par les sandales des milliers de p\u00e8lerins qui m&rsquo;ont pr\u00e9c\u00e9d\u00e9 \u00e0 la chapelle haute de la petite \u00e9glise de Bessu\u00e9jouls. J&rsquo;y revois ces chapiteaux fantastiques illustr\u00e9s de femmes poissons : autant d&rsquo;\u00e9nigmes pour poursuivre la route ! Je redessine sans fin les contours lumineux du merveilleux clo\u00eetre de Moissac. A Conques, je processionne derri\u00e8re la guitare de fr\u00e8re Jean Daniel, la statue de Sainte Foy \u00e9clair\u00e9e par les torches des fid\u00e8les.<\/p>\n\n\n\n<p>Alix de SAINT-ANDRE : \u00ab\u00a0Merci, quatre fois merci !\u00a0\u00bb<br>En arrivant \u00e0 Roncevaux, la premi\u00e8re \u00e9tape espagnole, tout le monde m&rsquo;avait doubl\u00e9e. Le corps tout cass\u00e9, grin\u00e7ant&#8230; restait l&rsquo;esprit. Dans la liste des choses \u00e0 emporter, mon guide rudimentaire signalait un chapelet. Je n&rsquo;en avais jamais dit de ma vie : c&rsquo;\u00e9tait le moment ou jamais. Seule la Sainte Vierge pourrait me tirer d&rsquo;affaire. Sans blague. D\u00e8s le lendemain, Dieu merci, elle m&rsquo;envoya Raquel dont la rondeur all\u00e8gre indiquait la m\u00eame absence d&rsquo;entra\u00eenement sportif. Nous marchions ensemble vers Santiago dans un univers \u00e9galitaire et fraternel. \u00ab\u00a0J&rsquo;ai embrass\u00e9 l&rsquo;aube d&rsquo;\u00e9t\u00e9\u00a0\u00bb : j&rsquo;avais \u00e9tudiante, comment\u00e9 ce vers de Rimbaud, j&rsquo;\u00e9tais soudain pr\u00e9cipit\u00e9e dedans. Nous allions de lever de soleil en lever de soleil jusqu&rsquo;\u00e0 un final coucher de soleil.<\/p>\n\n\n<div class=\"wp-block-image\">\n<figure class=\"aligncenter size-large is-resized\"><a href=\"https:\/\/www.st-jacques-lorraine.fr\/asso_lorraine\/nvx_site\/wp-content\/uploads\/2025\/01\/Botafumeiro-scaled.jpg\"><img loading=\"lazy\" decoding=\"async\" width=\"768\" height=\"1024\" src=\"https:\/\/www.st-jacques-lorraine.fr\/asso_lorraine\/nvx_site\/wp-content\/uploads\/2025\/01\/Botafumeiro-768x1024.jpg\" alt=\"\" class=\"wp-image-3213\" style=\"width:121px;height:auto\" srcset=\"https:\/\/www.st-jacques-lorraine.fr\/asso_lorraine\/nvx_site\/wp-content\/uploads\/2025\/01\/Botafumeiro-768x1024.jpg 768w, https:\/\/www.st-jacques-lorraine.fr\/asso_lorraine\/nvx_site\/wp-content\/uploads\/2025\/01\/Botafumeiro-225x300.jpg 225w, https:\/\/www.st-jacques-lorraine.fr\/asso_lorraine\/nvx_site\/wp-content\/uploads\/2025\/01\/Botafumeiro-1152x1536.jpg 1152w, https:\/\/www.st-jacques-lorraine.fr\/asso_lorraine\/nvx_site\/wp-content\/uploads\/2025\/01\/Botafumeiro-1536x2048.jpg 1536w, https:\/\/www.st-jacques-lorraine.fr\/asso_lorraine\/nvx_site\/wp-content\/uploads\/2025\/01\/Botafumeiro-scaled.jpg 1920w\" sizes=\"auto, (max-width: 768px) 100vw, 768px\" \/><\/a><figcaption class=\"wp-element-caption\">Botufumeiro<\/figcaption><\/figure>\n<\/div>\n\n\n<p>Cet encensoir en laiton argent\u00e9 (1,6 m et 72 kgs) \u00e9tait utilis\u00e9 au Moyen Age, dit la l\u00e9gende, pour purifier l&rsquo;air de la cath\u00e9drale. L&rsquo;encensement s&rsquo;effectue lors des grandes f\u00eates et durant l&rsquo;ann\u00e9e sainte alors qu&rsquo;on entone l&rsquo;hymne \u00e0 Saint Jacques.<\/p>\n\n\n\n<p>Hors s\u00e9rie Le P\u00e8lerin &#8211; Extraits<\/p>\n\n\n\n<h2 class=\"wp-block-heading\"><strong>Carte des chemins de Compostelle en France<\/strong><\/h2>\n\n\n\n<p>Vous y retrouverez le chemin lorrain ainsi que le chemin vosgien (merci \u00e0 Compostelle France).<\/p>\n\n\n\n<figure class=\"wp-block-image size-full\"><a href=\"https:\/\/www.st-jacques-lorraine.fr\/asso_lorraine\/nvx_site\/wp-content\/uploads\/2025\/08\/1000019243.jpg\"><img loading=\"lazy\" decoding=\"async\" width=\"876\" height=\"914\" src=\"https:\/\/www.st-jacques-lorraine.fr\/asso_lorraine\/nvx_site\/wp-content\/uploads\/2025\/08\/1000019243.jpg\" alt=\"\" class=\"wp-image-3667\" srcset=\"https:\/\/www.st-jacques-lorraine.fr\/asso_lorraine\/nvx_site\/wp-content\/uploads\/2025\/08\/1000019243.jpg 876w, https:\/\/www.st-jacques-lorraine.fr\/asso_lorraine\/nvx_site\/wp-content\/uploads\/2025\/08\/1000019243-288x300.jpg 288w, https:\/\/www.st-jacques-lorraine.fr\/asso_lorraine\/nvx_site\/wp-content\/uploads\/2025\/08\/1000019243-768x801.jpg 768w\" sizes=\"auto, (max-width: 876px) 100vw, 876px\" \/><\/a><\/figure>\n\n\n\n<p><\/p>\n","protected":false},"excerpt":{"rendered":"<p>Marcher jusqu&rsquo;au bout de l&rsquo;Espagne pour tomber sur le souvenir d&rsquo;une figure de la Palestine d&rsquo;il y a 2 000 ans, quelle dr\u00f4le d&rsquo;aventure !Jacques est, selon les Evangiles, l&rsquo;un des premiers ap\u00f4tres du Christ et la tradition voit en &hellip; <a href=\"https:\/\/www.st-jacques-lorraine.fr\/asso_lorraine\/nvx_site\/un-peu-dhistoire-sur-le-pelerinage\/compostelle-une-voie-de-pelerinage-tout-dabord-devenue-une-voie-initiatique\/\">Continuer la lecture <span class=\"meta-nav\">&rarr;<\/span><\/a><\/p>\n","protected":false},"author":2,"featured_media":0,"parent":3173,"menu_order":0,"comment_status":"closed","ping_status":"closed","template":"","meta":{"footnotes":""},"class_list":["post-3774","page","type-page","status-publish","hentry"],"_links":{"self":[{"href":"https:\/\/www.st-jacques-lorraine.fr\/asso_lorraine\/nvx_site\/wp-json\/wp\/v2\/pages\/3774","targetHints":{"allow":["GET"]}}],"collection":[{"href":"https:\/\/www.st-jacques-lorraine.fr\/asso_lorraine\/nvx_site\/wp-json\/wp\/v2\/pages"}],"about":[{"href":"https:\/\/www.st-jacques-lorraine.fr\/asso_lorraine\/nvx_site\/wp-json\/wp\/v2\/types\/page"}],"author":[{"embeddable":true,"href":"https:\/\/www.st-jacques-lorraine.fr\/asso_lorraine\/nvx_site\/wp-json\/wp\/v2\/users\/2"}],"replies":[{"embeddable":true,"href":"https:\/\/www.st-jacques-lorraine.fr\/asso_lorraine\/nvx_site\/wp-json\/wp\/v2\/comments?post=3774"}],"version-history":[{"count":1,"href":"https:\/\/www.st-jacques-lorraine.fr\/asso_lorraine\/nvx_site\/wp-json\/wp\/v2\/pages\/3774\/revisions"}],"predecessor-version":[{"id":3775,"href":"https:\/\/www.st-jacques-lorraine.fr\/asso_lorraine\/nvx_site\/wp-json\/wp\/v2\/pages\/3774\/revisions\/3775"}],"up":[{"embeddable":true,"href":"https:\/\/www.st-jacques-lorraine.fr\/asso_lorraine\/nvx_site\/wp-json\/wp\/v2\/pages\/3173"}],"wp:attachment":[{"href":"https:\/\/www.st-jacques-lorraine.fr\/asso_lorraine\/nvx_site\/wp-json\/wp\/v2\/media?parent=3774"}],"curies":[{"name":"wp","href":"https:\/\/api.w.org\/{rel}","templated":true}]}}