{"id":3804,"date":"2026-03-02T08:34:08","date_gmt":"2026-03-02T07:34:08","guid":{"rendered":"https:\/\/www.st-jacques-lorraine.fr\/asso_lorraine\/nvx_site\/?page_id=3804"},"modified":"2026-03-02T08:34:08","modified_gmt":"2026-03-02T07:34:08","slug":"sur-les-pas-de-marie-madeleine-du-22-au-30-avril-un-pelerinage-a-pied-et-en-bus","status":"publish","type":"page","link":"https:\/\/www.st-jacques-lorraine.fr\/asso_lorraine\/nvx_site\/sur-les-pas-de-marie-madeleine-du-22-au-30-avril-un-pelerinage-a-pied-et-en-bus\/","title":{"rendered":"Sur les pas de Marie-Madeleine du 22 au 30 avril, un p\u00e8lerinage \u00e0 pied et en bus"},"content":{"rendered":"\n<p>Organis\u00e9 par la Confraternit\u00e9 des p\u00e8lerins de St-Jacques-de-Compostelle en Bourgogne (affiche et inscription ci-dessous)<\/p>\n\n\n\n<div data-wp-interactive=\"core\/file\" class=\"wp-block-file\"><object data-wp-bind--hidden=\"!state.hasPdfPreview\" hidden class=\"wp-block-file__embed\" data=\"https:\/\/www.st-jacques-lorraine.fr\/asso_lorraine\/nvx_site\/wp-content\/uploads\/2026\/03\/sur-les-pas-de-marie-madeleine-202-inscription-1.pdf\" type=\"application\/pdf\" style=\"width:100%;height:600px\" aria-label=\"Contenu embarqu\u00e9 sur-les-pas-de-marie-madeleine-202-inscription (1).\"><\/object><a id=\"wp-block-file--media-cd9dfc34-be6d-41be-96f4-e39009500e73\" href=\"https:\/\/www.st-jacques-lorraine.fr\/asso_lorraine\/nvx_site\/wp-content\/uploads\/2026\/03\/sur-les-pas-de-marie-madeleine-202-inscription-1.pdf\">sur-les-pas-de-marie-madeleine-202-inscription (1)<\/a><a href=\"https:\/\/www.st-jacques-lorraine.fr\/asso_lorraine\/nvx_site\/wp-content\/uploads\/2026\/03\/sur-les-pas-de-marie-madeleine-202-inscription-1.pdf\" class=\"wp-block-file__button wp-element-button\" download aria-describedby=\"wp-block-file--media-cd9dfc34-be6d-41be-96f4-e39009500e73\">T\u00e9l\u00e9charger<\/a><\/div>\n\n\n\n<figure class=\"wp-block-image size-large\"><a href=\"https:\/\/www.st-jacques-lorraine.fr\/asso_lorraine\/nvx_site\/wp-content\/uploads\/2026\/03\/Chemin-Marie-Madeleine.jpg\"><img loading=\"lazy\" decoding=\"async\" width=\"766\" height=\"1024\" src=\"https:\/\/www.st-jacques-lorraine.fr\/asso_lorraine\/nvx_site\/wp-content\/uploads\/2026\/03\/Chemin-Marie-Madeleine-766x1024.jpg\" alt=\"\" class=\"wp-image-3805\" srcset=\"https:\/\/www.st-jacques-lorraine.fr\/asso_lorraine\/nvx_site\/wp-content\/uploads\/2026\/03\/Chemin-Marie-Madeleine-766x1024.jpg 766w, https:\/\/www.st-jacques-lorraine.fr\/asso_lorraine\/nvx_site\/wp-content\/uploads\/2026\/03\/Chemin-Marie-Madeleine-224x300.jpg 224w, https:\/\/www.st-jacques-lorraine.fr\/asso_lorraine\/nvx_site\/wp-content\/uploads\/2026\/03\/Chemin-Marie-Madeleine-768x1027.jpg 768w, https:\/\/www.st-jacques-lorraine.fr\/asso_lorraine\/nvx_site\/wp-content\/uploads\/2026\/03\/Chemin-Marie-Madeleine.jpg 813w\" sizes=\"auto, (max-width: 766px) 100vw, 766px\" \/><\/a><\/figure>\n","protected":false},"excerpt":{"rendered":"<p>Organis\u00e9 par la Confraternit\u00e9 des p\u00e8lerins de St-Jacques-de-Compostelle en Bourgogne (affiche et inscription ci-dessous)<\/p>\n","protected":false},"author":2,"featured_media":0,"parent":0,"menu_order":0,"comment_status":"closed","ping_status":"closed","template":"","meta":{"footnotes":""},"class_list":["post-3804","page","type-page","status-publish","hentry"],"_links":{"self":[{"href":"https:\/\/www.st-jacques-lorraine.fr\/asso_lorraine\/nvx_site\/wp-json\/wp\/v2\/pages\/3804","targetHints":{"allow":["GET"]}}],"collection":[{"href":"https:\/\/www.st-jacques-lorraine.fr\/asso_lorraine\/nvx_site\/wp-json\/wp\/v2\/pages"}],"about":[{"href":"https:\/\/www.st-jacques-lorraine.fr\/asso_lorraine\/nvx_site\/wp-json\/wp\/v2\/types\/page"}],"author":[{"embeddable":true,"href":"https:\/\/www.st-jacques-lorraine.fr\/asso_lorraine\/nvx_site\/wp-json\/wp\/v2\/users\/2"}],"replies":[{"embeddable":true,"href":"https:\/\/www.st-jacques-lorraine.fr\/asso_lorraine\/nvx_site\/wp-json\/wp\/v2\/comments?post=3804"}],"version-history":[{"count":1,"href":"https:\/\/www.st-jacques-lorraine.fr\/asso_lorraine\/nvx_site\/wp-json\/wp\/v2\/pages\/3804\/revisions"}],"predecessor-version":[{"id":3807,"href":"https:\/\/www.st-jacques-lorraine.fr\/asso_lorraine\/nvx_site\/wp-json\/wp\/v2\/pages\/3804\/revisions\/3807"}],"wp:attachment":[{"href":"https:\/\/www.st-jacques-lorraine.fr\/asso_lorraine\/nvx_site\/wp-json\/wp\/v2\/media?parent=3804"}],"curies":[{"name":"wp","href":"https:\/\/api.w.org\/{rel}","templated":true}]}}