{"id":465,"date":"2013-12-01T19:36:42","date_gmt":"2013-12-01T18:36:42","guid":{"rendered":"http:\/\/www.st-jacques-lorraine.fr\/asso_lorraine\/nvx_site\/?page_id=465"},"modified":"2026-04-16T09:07:11","modified_gmt":"2026-04-16T08:07:11","slug":"dates-a-retenir-en-2014","status":"publish","type":"page","link":"https:\/\/www.st-jacques-lorraine.fr\/asso_lorraine\/nvx_site\/association\/dates-a-retenir-en-2014\/","title":{"rendered":"Dates \u00e0 retenir en 2026"},"content":{"rendered":"\n<p><strong>Sortie de printemps le 26 avril \u00e0 Lemestroff<\/strong><\/p>\n\n\n\n<p>Journ\u00e9e organis\u00e9e par Domingo et C\u00e9line GONZALES<br><br>Programme :<br>&#8211; accueil des participants \u00e0&nbsp; partir de 9h \u00e0 Lemestroff avec caf\u00e9\/brioche<br>&#8211; messe \u00e0 la chapelle de Lemestroff \u00e0 10h.<br>&#8211; \u00e0 la sortie de la messe une petite randonn\u00e9e d&rsquo;1 h sur les ext\u00e9rieurs du<br>Hackemberg jusqu&rsquo;\u00e0 la chapelle qui domine la ligne Maginot ; explications sur<br>la chapelle et le site du Hackenberg<br>&#8211; repas tir\u00e9 du sac sur place s&rsquo;il fait beau ou poursuite (15,20 min) jusqu&rsquo;\u00e0<br>l&rsquo;entr\u00e9e du Hackenberg (toilettes et tables \u00e0 l&rsquo;abri) en cas de mauvais temps<br><br>Soyez nombreux \u00e0 nous rejoindre. <br>Pour faciliter la t\u00e2che des organisateurs, nous vous demandons de vous<br>inscrire&nbsp;si vous souhaitez participer \u00e0 cette journ\u00e9e en envoyant un courriel<br>soit \u00e0 : <a href=\"mailto:saintjacqueslorraine@gmail.com\">saintjacqueslorraine@gmail.com<\/a><br>soit \u00e0 : <a href=\"s.compostelle@orange.fr\"> s.compostelle@orange.fr<\/a><br><strong>pour le 20 avril au plus tard<\/strong>. MERCI<br>Note : Lemestroff est situ\u00e9e en Moselle, \u00e0 18 km au nord-est de Thionville.<\/p>\n\n\n\n<p><\/p>\n\n\n\n<p><strong>Conf\u00e9rence \u00ab\u00a0Sur les chemins de Compostelle\u00a0\u00bb vendredi 15 mai<\/strong>  <\/p>\n\n\n\n<p>Cette conf\u00e9rence sera anim\u00e9e par notre Pr\u00e9sident, Jacques BOURCIER et aura lieu \u00e0 <strong>Charmes, salle du Presbyt\u00e8re de 19 h \u00e0 21 h <\/strong>(2 rue du Chanoine Mathieu).<br><\/p>\n\n\n\n<figure class=\"wp-block-image size-full\"><a href=\"https:\/\/www.st-jacques-lorraine.fr\/asso_lorraine\/nvx_site\/wp-content\/uploads\/2026\/04\/affiche-conference-compostelle.png\"><img loading=\"lazy\" decoding=\"async\" width=\"427\" height=\"640\" src=\"https:\/\/www.st-jacques-lorraine.fr\/asso_lorraine\/nvx_site\/wp-content\/uploads\/2026\/04\/affiche-conference-compostelle.png\" alt=\"\" class=\"wp-image-3885\" srcset=\"https:\/\/www.st-jacques-lorraine.fr\/asso_lorraine\/nvx_site\/wp-content\/uploads\/2026\/04\/affiche-conference-compostelle.png 427w, https:\/\/www.st-jacques-lorraine.fr\/asso_lorraine\/nvx_site\/wp-content\/uploads\/2026\/04\/affiche-conference-compostelle-200x300.png 200w\" sizes=\"auto, (max-width: 427px) 100vw, 427px\" \/><\/a><\/figure>\n\n\n\n<p><\/p>\n\n\n\n<p><strong>Sortie d&rsquo;automne (date et lieu \u00e0 d\u00e9finir)<\/strong><\/p>\n\n\n\n<p>Elle sera organis\u00e9e par Birgit HEINRICH.<\/p>\n\n\n\n<p><\/p>\n","protected":false},"excerpt":{"rendered":"<p>Sortie de printemps le 26 avril \u00e0 Lemestroff Journ\u00e9e organis\u00e9e par Domingo et C\u00e9line GONZALES Programme :&#8211; accueil des participants \u00e0&nbsp; partir de 9h \u00e0 Lemestroff avec caf\u00e9\/brioche&#8211; messe \u00e0 la chapelle de Lemestroff \u00e0 10h.&#8211; \u00e0 la sortie de &hellip; <a href=\"https:\/\/www.st-jacques-lorraine.fr\/asso_lorraine\/nvx_site\/association\/dates-a-retenir-en-2014\/\">Continuer la lecture <span class=\"meta-nav\">&rarr;<\/span><\/a><\/p>\n","protected":false},"author":2,"featured_media":0,"parent":16,"menu_order":2,"comment_status":"closed","ping_status":"closed","template":"","meta":{"footnotes":""},"class_list":["post-465","page","type-page","status-publish","hentry"],"_links":{"self":[{"href":"https:\/\/www.st-jacques-lorraine.fr\/asso_lorraine\/nvx_site\/wp-json\/wp\/v2\/pages\/465","targetHints":{"allow":["GET"]}}],"collection":[{"href":"https:\/\/www.st-jacques-lorraine.fr\/asso_lorraine\/nvx_site\/wp-json\/wp\/v2\/pages"}],"about":[{"href":"https:\/\/www.st-jacques-lorraine.fr\/asso_lorraine\/nvx_site\/wp-json\/wp\/v2\/types\/page"}],"author":[{"embeddable":true,"href":"https:\/\/www.st-jacques-lorraine.fr\/asso_lorraine\/nvx_site\/wp-json\/wp\/v2\/users\/2"}],"replies":[{"embeddable":true,"href":"https:\/\/www.st-jacques-lorraine.fr\/asso_lorraine\/nvx_site\/wp-json\/wp\/v2\/comments?post=465"}],"version-history":[{"count":115,"href":"https:\/\/www.st-jacques-lorraine.fr\/asso_lorraine\/nvx_site\/wp-json\/wp\/v2\/pages\/465\/revisions"}],"predecessor-version":[{"id":3886,"href":"https:\/\/www.st-jacques-lorraine.fr\/asso_lorraine\/nvx_site\/wp-json\/wp\/v2\/pages\/465\/revisions\/3886"}],"up":[{"embeddable":true,"href":"https:\/\/www.st-jacques-lorraine.fr\/asso_lorraine\/nvx_site\/wp-json\/wp\/v2\/pages\/16"}],"wp:attachment":[{"href":"https:\/\/www.st-jacques-lorraine.fr\/asso_lorraine\/nvx_site\/wp-json\/wp\/v2\/media?parent=465"}],"curies":[{"name":"wp","href":"https:\/\/api.w.org\/{rel}","templated":true}]}}