{"id":842,"date":"2014-08-23T17:15:52","date_gmt":"2014-08-23T16:15:52","guid":{"rendered":"http:\/\/www.st-jacques-lorraine.fr\/asso_lorraine\/nvx_site\/?page_id=842"},"modified":"2014-08-23T17:15:52","modified_gmt":"2014-08-23T16:15:52","slug":"eau-methodes-de-purification-de-leau","status":"publish","type":"page","link":"https:\/\/www.st-jacques-lorraine.fr\/asso_lorraine\/nvx_site\/association\/conseils-avant-de-partir-sur-le-chemin\/eau-methodes-de-purification-de-leau\/","title":{"rendered":"Eau : m\u00e9thodes de purification de l\u2019eau"},"content":{"rendered":"<p><span style=\"color: #ff6600;\"><em>65% de notre corps est constitu\u00e9 d&rsquo;eau, lors d&rsquo;une randonn\u00e9e, il faut boire r\u00e9guli\u00e8rement afin d&rsquo;\u00e9viter un coup de chaud ou des tendinites. Il est souvent conseill\u00e9 de boire environ 1.5 litre d&rsquo;eau par jour. Ce volume est \u00e0 moduler en fonction de nombreux param\u00e8tres (votre \u00e2ge, la m\u00e9t\u00e9o, l&rsquo;environnement, la temp\u00e9rature,etc&#8230;).\u00a0<\/em><\/span><\/p>\n<p>Les m\u00e9thodes de purification d&rsquo;eau sont les suivantes :<\/p>\n<p><span style=\"color: #99cc00;\"><strong>L\u2019\u00e9bullition<\/strong><\/span><\/p>\n<p>La chaleur est la m\u00e9thode de purification d\u2019eau la plus ancienne, la plus s\u00fbre et la plus efficace. L\u2019eau doit \u00eatre bouillie pendant au moins une minute (ajouter une minute de plus pour chaque 300 m d\u2019altitude), filtr\u00e9e pr\u00e9alablement si besoin.<br \/>\nL\u2019\u00e9bullition donne \u00e0 l\u2019eau un go\u00fbt fade, aussi peut-on ajouter dans sa gourde quelques gouttes de pastis, un bonbon \u00e0 la menthe, etc.<br \/>\nSi le th\u00e9 s\u2019impose dans tous les pays o\u00f9 l\u2019eau est rare, c\u2019est qu\u2019en la faisant bouillir, elle devient propre \u00e0 la consommation.<\/p>\n<p><span style=\"color: #99cc00;\"><strong>La filtration<\/strong><\/span><br \/>\nLes ensembles de filtration qui permettent de purifier l\u2019eau comportent une pompe manuelle et un filtre sp\u00e9cial. La pompe refoule l\u2019eau vers le filtre, qui bloque le passage des d\u00e9bris. La filtration d\u2019un litre d\u2019eau prend quelques minutes.<br \/>\nLe filtre peut \u00eatre en fibre de verre, \u00e0 remplacer ponctuellement en fonction de la source, ou en c\u00e9ramique, au nettoyage \u00e0 la brosse plus facile mais d\u2019une faible solidit\u00e9 en trek.<br \/>\nLes filtres dont le diam\u00e8tre de pore est de 0,1 \u00e0 0,3 microm\u00e8tre d\u00e9barrassent des protozoaires et des bact\u00e9ries, mais pas des virus, d\u2019o\u00f9 la n\u00e9cessit\u00e9 de combiner \u00e0 la d\u00e9sinfection chimique leur \u00e9limination.<\/p>\n<p><span style=\"color: #99cc00;\"><strong>Eau min\u00e9rale et eau de source<\/strong><\/span><br \/>\nLes eaux dites de source sont des eaux naturellement propres \u00e0 la consommation humaine, issues de nappes d\u2019eaux souterraines non pollu\u00e9es, profondes ou prot\u00e9g\u00e9es. Elles peuvent subir une a\u00e9ration, une d\u00e9cantation ou une filtration, afin d\u2019\u00e9liminer les \u00e9l\u00e9ments instables tels gaz, fer et mangan\u00e8se.<br \/>\nTandis que les eaux min\u00e9rales sont non trait\u00e9es et issues de sources riches en min\u00e9raux et en oligo-\u00e9l\u00e9ments susceptibles de leur conf\u00e9rer des vertus th\u00e9rapeutiques.<\/p>\n<p><span style=\"color: #99cc00;\"><strong>La d\u00e9sinfection chimique :<\/strong><\/span>\u00a0soit par pastilles d\u00e9sinfectantes, le clore ou l&rsquo;iode.<\/p>\n","protected":false},"excerpt":{"rendered":"<p>65% de notre corps est constitu\u00e9 d&rsquo;eau, lors d&rsquo;une randonn\u00e9e, il faut boire r\u00e9guli\u00e8rement afin d&rsquo;\u00e9viter un coup de chaud ou des tendinites. Il est souvent conseill\u00e9 de boire environ 1.5 litre d&rsquo;eau par jour. Ce volume est \u00e0 moduler &hellip; <a href=\"https:\/\/www.st-jacques-lorraine.fr\/asso_lorraine\/nvx_site\/association\/conseils-avant-de-partir-sur-le-chemin\/eau-methodes-de-purification-de-leau\/\">Continuer la lecture <span class=\"meta-nav\">&rarr;<\/span><\/a><\/p>\n","protected":false},"author":2,"featured_media":0,"parent":18,"menu_order":6,"comment_status":"closed","ping_status":"closed","template":"","meta":{"footnotes":""},"class_list":["post-842","page","type-page","status-publish","hentry"],"_links":{"self":[{"href":"https:\/\/www.st-jacques-lorraine.fr\/asso_lorraine\/nvx_site\/wp-json\/wp\/v2\/pages\/842","targetHints":{"allow":["GET"]}}],"collection":[{"href":"https:\/\/www.st-jacques-lorraine.fr\/asso_lorraine\/nvx_site\/wp-json\/wp\/v2\/pages"}],"about":[{"href":"https:\/\/www.st-jacques-lorraine.fr\/asso_lorraine\/nvx_site\/wp-json\/wp\/v2\/types\/page"}],"author":[{"embeddable":true,"href":"https:\/\/www.st-jacques-lorraine.fr\/asso_lorraine\/nvx_site\/wp-json\/wp\/v2\/users\/2"}],"replies":[{"embeddable":true,"href":"https:\/\/www.st-jacques-lorraine.fr\/asso_lorraine\/nvx_site\/wp-json\/wp\/v2\/comments?post=842"}],"version-history":[{"count":2,"href":"https:\/\/www.st-jacques-lorraine.fr\/asso_lorraine\/nvx_site\/wp-json\/wp\/v2\/pages\/842\/revisions"}],"predecessor-version":[{"id":844,"href":"https:\/\/www.st-jacques-lorraine.fr\/asso_lorraine\/nvx_site\/wp-json\/wp\/v2\/pages\/842\/revisions\/844"}],"up":[{"embeddable":true,"href":"https:\/\/www.st-jacques-lorraine.fr\/asso_lorraine\/nvx_site\/wp-json\/wp\/v2\/pages\/18"}],"wp:attachment":[{"href":"https:\/\/www.st-jacques-lorraine.fr\/asso_lorraine\/nvx_site\/wp-json\/wp\/v2\/media?parent=842"}],"curies":[{"name":"wp","href":"https:\/\/api.w.org\/{rel}","templated":true}]}}