{"id":88,"date":"2013-08-13T12:31:52","date_gmt":"2013-08-13T11:31:52","guid":{"rendered":"http:\/\/www.st-jacques-lorraine.fr\/asso_lorraine\/nvx_site\/?page_id=88"},"modified":"2013-08-13T12:32:24","modified_gmt":"2013-08-13T11:32:24","slug":"partir-a-velo-sur-les-chemins","status":"publish","type":"page","link":"https:\/\/www.st-jacques-lorraine.fr\/asso_lorraine\/nvx_site\/association\/conseils-avant-de-partir-sur-le-chemin\/partir-a-velo-sur-les-chemins\/","title":{"rendered":"Partir \u00e0 v\u00e9lo sur les chemins&#8230;.."},"content":{"rendered":"<p style=\"text-align: center;\"><a href=\"https:\/\/www.st-jacques-lorraine.fr\/asso_lorraine\/nvx_site\/wp-content\/uploads\/2013\/08\/v\u00e9lo.jpeg\"><img loading=\"lazy\" decoding=\"async\" class=\"aligncenter\" alt=\"v\u00e9lo\" src=\"https:\/\/www.st-jacques-lorraine.fr\/asso_lorraine\/nvx_site\/wp-content\/uploads\/2013\/08\/v\u00e9lo-300x225.jpeg\" width=\"180\" height=\"135\" \/><\/a><\/p>\n<p>Autrefois on partait pour Compostelle \u00e0 pied ou \u00e0 cheval. De nos jours, les<br \/>\ncavaliers ne repr\u00e9sentent plus gu\u00e8re que 1% des p\u00e8lerins. Entre temps est en effet<br \/>\napparu le petit cheval d\u2019acier et pr\u00e8s de 30% des p\u00e8lerins l\u2019utilisent aujourd\u2019hui. Ce<br \/>\nsont essentiellement des V.T.Tistes qui peuvent rouler constamment dans la trace<br \/>\ndes marcheurs\u2026 quitte \u00e0 souvent porter monture et bagages dans les passages<br \/>\ndifficiles. Aussi il est vivement recommand\u00e9 d\u2019avoir une pratique habituelle sportive<br \/>\nsi tu souhaites en \u00eatre ! Tu auras en ce cas grand soin de veiller \u00e0 la tranquillit\u00e9 des<br \/>\nmarcheurs.<br \/>\nTu peux parfaitement utiliser aussi le v\u00e9lo de route chauss\u00e9 de pneus de<br \/>\nsection 28, voire 25. Le r\u00e9seau routier est en bon \u00e9tat en Espagne ; il y aura des<br \/>\ntron\u00e7ons nombreux sur routes nationales notamment dans la premi\u00e8re moiti\u00e9, mais<br \/>\ncelles-ci comportent en g\u00e9n\u00e9ral une bonne sur-largeur servant de bande cyclable et<br \/>\nfr\u00e9quemment utilis\u00e9e \u00e9galement par les marcheurs. Les usagers de la route sont<br \/>\nhabitu\u00e9s aux p\u00e8lerins et la cohabitation se fait sans probl\u00e8mes. Apr\u00e8s BURGOS, ce<br \/>\nseront essentiellement des petites routes et tu pourras m\u00eame avec tes pneus<br \/>\n\u00e9troits emprunter les tron\u00e7ons nouvellement r\u00e9am\u00e9nag\u00e9s du chemin des marcheurs.<br \/>\nLes topo-guides pour cyclistes s\u2019adressent surtout aux v\u00e9t\u00e9tistes ; avec le<br \/>\nv\u00e9lo de route, les plans du guide RANDO-Editions seront utilement compl\u00e9t\u00e9s par la<br \/>\ncarte au 1\/50000 que Michelin publie depuis 2010: \u00ab CAMINO de SANTIAGO &#8211;<br \/>\nSaint Jean Pied de Port-Santiago de Compostela \u00bb pr\u00e9sent\u00e9 sous forme d\u2019un livret<br \/>\nportant le n\u00b0 160. Dans les grandes villes, tu pourras passer par l\u2019Office du<br \/>\nTourisme et r\u00e9cup\u00e9rer un plan de ville toujours utile.<br \/>\nLe casque est obligatoire en Espagne. Enfin, boire fr\u00e9quemment diminuera<br \/>\nnotablement les risques de tendinite.<br \/>\nEt si tu ne reviens pas \u00e0 bicyclette ?<br \/>\n&#8211; en bus : les bus de tourisme disposent de grandes soutes \u00e0 bagages et plusieurs<br \/>\ncompagnies acceptent les v\u00e9los.<br \/>\n&#8211; en train : l\u2019\u00e9quivalent SERNAM de la soci\u00e9t\u00e9 IBERRAIL (EX.RENFE) dont un<br \/>\nbureau se trouve en gare, se charge d\u2019emballer les v\u00e9los dans ses locaux et de les<br \/>\nrapatrier en France. Le transport des v\u00e9los d\u00e9mont\u00e9s, dans des sacs sp\u00e9ciaux<br \/>\n(comme cela se pratique en France, y compris dans les TGV) n\u2019est autoris\u00e9 que dans<br \/>\nle train de nuit au d\u00e9part de la Corogne. Cependant, il s\u2019av\u00e8re (l\u2019exp\u00e9rience avec<br \/>\ncertains contr\u00f4leurs \u00ab sympas \u00bb, et si ton v\u00e9lo est vraiment bien d\u00e9mont\u00e9 et rang\u00e9<br \/>\ndans un sac peu encombrant) que tu pourras emprunter le train de jour.<br \/>\nEvidemment, tu auras pens\u00e9 \u00e0 emporter ton sac depuis la France !<\/p>\n","protected":false},"excerpt":{"rendered":"<p>Autrefois on partait pour Compostelle \u00e0 pied ou \u00e0 cheval. De nos jours, les cavaliers ne repr\u00e9sentent plus gu\u00e8re que 1% des p\u00e8lerins. Entre temps est en effet apparu le petit cheval d\u2019acier et pr\u00e8s de 30% des p\u00e8lerins l\u2019utilisent &hellip; <a href=\"https:\/\/www.st-jacques-lorraine.fr\/asso_lorraine\/nvx_site\/association\/conseils-avant-de-partir-sur-le-chemin\/partir-a-velo-sur-les-chemins\/\">Continuer la lecture <span class=\"meta-nav\">&rarr;<\/span><\/a><\/p>\n","protected":false},"author":2,"featured_media":0,"parent":18,"menu_order":2,"comment_status":"closed","ping_status":"closed","template":"onecolumn-page.php","meta":{"footnotes":""},"class_list":["post-88","page","type-page","status-publish","hentry"],"_links":{"self":[{"href":"https:\/\/www.st-jacques-lorraine.fr\/asso_lorraine\/nvx_site\/wp-json\/wp\/v2\/pages\/88","targetHints":{"allow":["GET"]}}],"collection":[{"href":"https:\/\/www.st-jacques-lorraine.fr\/asso_lorraine\/nvx_site\/wp-json\/wp\/v2\/pages"}],"about":[{"href":"https:\/\/www.st-jacques-lorraine.fr\/asso_lorraine\/nvx_site\/wp-json\/wp\/v2\/types\/page"}],"author":[{"embeddable":true,"href":"https:\/\/www.st-jacques-lorraine.fr\/asso_lorraine\/nvx_site\/wp-json\/wp\/v2\/users\/2"}],"replies":[{"embeddable":true,"href":"https:\/\/www.st-jacques-lorraine.fr\/asso_lorraine\/nvx_site\/wp-json\/wp\/v2\/comments?post=88"}],"version-history":[{"count":2,"href":"https:\/\/www.st-jacques-lorraine.fr\/asso_lorraine\/nvx_site\/wp-json\/wp\/v2\/pages\/88\/revisions"}],"predecessor-version":[{"id":92,"href":"https:\/\/www.st-jacques-lorraine.fr\/asso_lorraine\/nvx_site\/wp-json\/wp\/v2\/pages\/88\/revisions\/92"}],"up":[{"embeddable":true,"href":"https:\/\/www.st-jacques-lorraine.fr\/asso_lorraine\/nvx_site\/wp-json\/wp\/v2\/pages\/18"}],"wp:attachment":[{"href":"https:\/\/www.st-jacques-lorraine.fr\/asso_lorraine\/nvx_site\/wp-json\/wp\/v2\/media?parent=88"}],"curies":[{"name":"wp","href":"https:\/\/api.w.org\/{rel}","templated":true}]}}