{"id":940,"date":"2014-10-26T18:09:46","date_gmt":"2014-10-26T17:09:46","guid":{"rendered":"http:\/\/www.st-jacques-lorraine.fr\/asso_lorraine\/nvx_site\/?page_id=940"},"modified":"2015-11-16T08:18:31","modified_gmt":"2015-11-16T07:18:31","slug":"carto","status":"publish","type":"page","link":"https:\/\/www.st-jacques-lorraine.fr\/asso_lorraine\/nvx_site\/carto\/","title":{"rendered":"Le Chemin Lorrain"},"content":{"rendered":"<p style=\"text-align: center;\"><a href=\"https:\/\/www.st-jacques-lorraine.fr\/asso_lorraine\/nvx_site\/wp-content\/uploads\/2013\/08\/altim\u00e9trie1.jpg\"><img loading=\"lazy\" decoding=\"async\" class=\"aligncenter wp-image-752 size-large\" src=\"https:\/\/www.st-jacques-lorraine.fr\/asso_lorraine\/nvx_site\/wp-content\/uploads\/2013\/08\/altim\u00e9trie1-1024x373.jpg\" alt=\"altim\u00e9trie\" width=\"640\" height=\"233\" srcset=\"https:\/\/www.st-jacques-lorraine.fr\/asso_lorraine\/nvx_site\/wp-content\/uploads\/2013\/08\/altim\u00e9trie1-1024x373.jpg 1024w, https:\/\/www.st-jacques-lorraine.fr\/asso_lorraine\/nvx_site\/wp-content\/uploads\/2013\/08\/altim\u00e9trie1-300x109.jpg 300w, https:\/\/www.st-jacques-lorraine.fr\/asso_lorraine\/nvx_site\/wp-content\/uploads\/2013\/08\/altim\u00e9trie1.jpg 1842w\" sizes=\"auto, (max-width: 640px) 100vw, 640px\" \/><\/a>Retrouvez toutes les caract\u00e9ristiques du chemin Lorrain au sein de cette rubrique.<\/p>\n<p style=\"text-align: center;\">Pour la t\u00e9l\u00e9charger, cliquez ici : <a href=\"https:\/\/www.st-jacques-lorraine.fr\/asso_lorraine\/nvx_site\/page-d-exemple\/la-carto-du-trace-du-chemin-dans-notre-region\/\">carto !<\/a><\/p>\n<p style=\"text-align: center;\"><em>Cette cartographie ne remplace pas notre guide. Vous pouvez passer commande de celui-ci, en visitant notre boutique.<\/em><\/p>\n<p style=\"text-align: center;\">Le guide du chemin (10\u20ac) est en vente <a href=\"https:\/\/www.st-jacques-lorraine.fr\/asso_lorraine\/nvx_site\/notre-boutique\/\">au sein de la boutique du site <\/a>.<\/p>\n<p style=\"text-align: center;\">\n","protected":false},"excerpt":{"rendered":"<p>Retrouvez toutes les caract\u00e9ristiques du chemin Lorrain au sein de cette rubrique. Pour la t\u00e9l\u00e9charger, cliquez ici : carto ! Cette cartographie ne remplace pas notre guide. Vous pouvez passer commande de celui-ci, en visitant notre boutique. Le guide du &hellip; <a href=\"https:\/\/www.st-jacques-lorraine.fr\/asso_lorraine\/nvx_site\/carto\/\">Continuer la lecture <span class=\"meta-nav\">&rarr;<\/span><\/a><\/p>\n","protected":false},"author":2,"featured_media":0,"parent":0,"menu_order":8,"comment_status":"closed","ping_status":"closed","template":"","meta":{"footnotes":""},"class_list":["post-940","page","type-page","status-publish","hentry"],"_links":{"self":[{"href":"https:\/\/www.st-jacques-lorraine.fr\/asso_lorraine\/nvx_site\/wp-json\/wp\/v2\/pages\/940","targetHints":{"allow":["GET"]}}],"collection":[{"href":"https:\/\/www.st-jacques-lorraine.fr\/asso_lorraine\/nvx_site\/wp-json\/wp\/v2\/pages"}],"about":[{"href":"https:\/\/www.st-jacques-lorraine.fr\/asso_lorraine\/nvx_site\/wp-json\/wp\/v2\/types\/page"}],"author":[{"embeddable":true,"href":"https:\/\/www.st-jacques-lorraine.fr\/asso_lorraine\/nvx_site\/wp-json\/wp\/v2\/users\/2"}],"replies":[{"embeddable":true,"href":"https:\/\/www.st-jacques-lorraine.fr\/asso_lorraine\/nvx_site\/wp-json\/wp\/v2\/comments?post=940"}],"version-history":[{"count":6,"href":"https:\/\/www.st-jacques-lorraine.fr\/asso_lorraine\/nvx_site\/wp-json\/wp\/v2\/pages\/940\/revisions"}],"predecessor-version":[{"id":1246,"href":"https:\/\/www.st-jacques-lorraine.fr\/asso_lorraine\/nvx_site\/wp-json\/wp\/v2\/pages\/940\/revisions\/1246"}],"wp:attachment":[{"href":"https:\/\/www.st-jacques-lorraine.fr\/asso_lorraine\/nvx_site\/wp-json\/wp\/v2\/media?parent=940"}],"curies":[{"name":"wp","href":"https:\/\/api.w.org\/{rel}","templated":true}]}}