{"id":953,"date":"2014-10-26T18:36:39","date_gmt":"2014-10-26T17:36:39","guid":{"rendered":"http:\/\/www.st-jacques-lorraine.fr\/asso_lorraine\/nvx_site\/?page_id=953"},"modified":"2015-09-04T15:48:05","modified_gmt":"2015-09-04T14:48:05","slug":"la-localisation-des-familles-le-long-du-chemin","status":"publish","type":"page","link":"https:\/\/www.st-jacques-lorraine.fr\/asso_lorraine\/nvx_site\/page-d-exemple\/la-localisation-des-familles-le-long-du-chemin\/","title":{"rendered":"La localisation des familles le long du chemin"},"content":{"rendered":"<p style=\"text-align: justify;\"><strong><a href=\"https:\/\/www.st-jacques-lorraine.fr\/asso_lorraine\/nvx_site\/wp-content\/uploads\/2014\/10\/carte_famille.jpg\"><img loading=\"lazy\" decoding=\"async\" class=\"alignleft size-thumbnail wp-image-1180\" src=\"https:\/\/www.st-jacques-lorraine.fr\/asso_lorraine\/nvx_site\/wp-content\/uploads\/2014\/10\/carte_famille-150x150.jpg\" alt=\"carte_famille\" width=\"150\" height=\"150\" \/><\/a>T\u00e9l\u00e9charger<\/strong> ce fichier (format pdf) pour localiser les familles d&rsquo;accueil le long du chemin traversant la lorraine :\u00a0<a href=\"https:\/\/www.st-jacques-lorraine.fr\/asso_lorraine\/nvx_site\/wp-content\/uploads\/2014\/10\/localisation_familles.pdf\">localisation_familles<\/a> (cliquez sur ce lien).<\/p>\n<p>&nbsp;<\/p>\n<p>&nbsp;<\/p>\n<p style=\"text-align: justify;\"><a href=\"https:\/\/www.st-jacques-lorraine.fr\/asso_lorraine\/nvx_site\/wp-content\/uploads\/2014\/10\/arton14608-c1273.jpg\"><img loading=\"lazy\" decoding=\"async\" class=\"alignleft wp-image-1181\" src=\"https:\/\/www.st-jacques-lorraine.fr\/asso_lorraine\/nvx_site\/wp-content\/uploads\/2014\/10\/arton14608-c1273.jpg\" alt=\"arton14608-c1273\" width=\"90\" height=\"90\" \/><\/a>Pour rentrer en contact avec ses familles d&rsquo;accueil, <span style=\"text-decoration: underline;\"><em><strong>vous devez contacter les office de tourisme<\/strong><\/em><\/span> (cliquer sur le nom de la commune pour \u00eatre r\u00e9diger vers le site internet de l&rsquo;office de tourisme) :<\/p>\n<p>&nbsp;<\/p>\n<ul>\n<li><a href=\"http:\/\/www.otsierck.com\">Sierck Les Bains<\/a>,<\/li>\n<li><a href=\"http:\/\/www.tourisme-metz.com\/fr\/accueil.html\">Metz<\/a>\u00a0,<\/li>\n<li><a href=\"http:\/\/www.tourisme-pontamousson.fr\">Pont \u00e0 Mousson,<\/a><\/li>\n<li><a href=\"http:\/\/www.tourisme-liverdun.com\">Liverdun,<\/a><\/li>\n<li><a href=\"http:\/\/www.toul.fr\/Maison-du-Tourisme\">Toul,<\/a><\/li>\n<li><a href=\"http:\/\/www.tourisme-ouest-vosges.fr\">Neufch\u00e2teau,<\/a><\/li>\n<li><a href=\"http:\/\/www.ville-contrexeville.fr\/Sport-loisirs-tourisme\/Office-tourisme.html\">Contrex\u00e9ville.<\/a><\/li>\n<li><a href=\"http:\/\/www.paysdeforbach.com\">Forbach,<\/a><\/li>\n<li><a href=\"http:\/\/www.hombourg-haut.fr\">Hombourg-Haut,<\/a><\/li>\n<li><a href=\"http:\/\/www.tourisme-saint-avold.fr\">St Avold.<\/a><\/li>\n<\/ul>\n<p style=\"text-align: justify;\">Seul les offices de tourisme sont habilit\u00e9s \u00e0 communiquer les coordonn\u00e9es des familles d&rsquo;accueil. Les offices <span style=\"text-decoration: underline;\"><strong>disposent de la liste \u00e0 jour<\/strong><\/span> en ce qui concerne leur secteur de comp\u00e9tence. <strong>Vous devez vous rapprocher d&rsquo;eux pour obtenir les coordonn\u00e9es des familles.<\/strong><\/p>\n","protected":false},"excerpt":{"rendered":"<p>T\u00e9l\u00e9charger ce fichier (format pdf) pour localiser les familles d&rsquo;accueil le long du chemin traversant la lorraine :\u00a0localisation_familles (cliquez sur ce lien). &nbsp; &nbsp; Pour rentrer en contact avec ses familles d&rsquo;accueil, vous devez contacter les office de tourisme (cliquer &hellip; <a href=\"https:\/\/www.st-jacques-lorraine.fr\/asso_lorraine\/nvx_site\/page-d-exemple\/la-localisation-des-familles-le-long-du-chemin\/\">Continuer la lecture <span class=\"meta-nav\">&rarr;<\/span><\/a><\/p>\n","protected":false},"author":2,"featured_media":0,"parent":2,"menu_order":2,"comment_status":"closed","ping_status":"closed","template":"","meta":{"footnotes":""},"class_list":["post-953","page","type-page","status-publish","hentry"],"_links":{"self":[{"href":"https:\/\/www.st-jacques-lorraine.fr\/asso_lorraine\/nvx_site\/wp-json\/wp\/v2\/pages\/953","targetHints":{"allow":["GET"]}}],"collection":[{"href":"https:\/\/www.st-jacques-lorraine.fr\/asso_lorraine\/nvx_site\/wp-json\/wp\/v2\/pages"}],"about":[{"href":"https:\/\/www.st-jacques-lorraine.fr\/asso_lorraine\/nvx_site\/wp-json\/wp\/v2\/types\/page"}],"author":[{"embeddable":true,"href":"https:\/\/www.st-jacques-lorraine.fr\/asso_lorraine\/nvx_site\/wp-json\/wp\/v2\/users\/2"}],"replies":[{"embeddable":true,"href":"https:\/\/www.st-jacques-lorraine.fr\/asso_lorraine\/nvx_site\/wp-json\/wp\/v2\/comments?post=953"}],"version-history":[{"count":3,"href":"https:\/\/www.st-jacques-lorraine.fr\/asso_lorraine\/nvx_site\/wp-json\/wp\/v2\/pages\/953\/revisions"}],"predecessor-version":[{"id":1182,"href":"https:\/\/www.st-jacques-lorraine.fr\/asso_lorraine\/nvx_site\/wp-json\/wp\/v2\/pages\/953\/revisions\/1182"}],"up":[{"embeddable":true,"href":"https:\/\/www.st-jacques-lorraine.fr\/asso_lorraine\/nvx_site\/wp-json\/wp\/v2\/pages\/2"}],"wp:attachment":[{"href":"https:\/\/www.st-jacques-lorraine.fr\/asso_lorraine\/nvx_site\/wp-json\/wp\/v2\/media?parent=953"}],"curies":[{"name":"wp","href":"https:\/\/api.w.org\/{rel}","templated":true}]}}