{"id":97,"date":"2013-08-13T12:35:12","date_gmt":"2013-08-13T11:35:12","guid":{"rendered":"http:\/\/www.st-jacques-lorraine.fr\/asso_lorraine\/nvx_site\/?page_id=97"},"modified":"2013-08-13T12:35:25","modified_gmt":"2013-08-13T11:35:25","slug":"les-petits-sur-le-chemin","status":"publish","type":"page","link":"https:\/\/www.st-jacques-lorraine.fr\/asso_lorraine\/nvx_site\/association\/conseils-avant-de-partir-sur-le-chemin\/les-petits-sur-le-chemin\/","title":{"rendered":"Les petits + sur le chemin&#8230;."},"content":{"rendered":"<p>LES PAPIERS<br \/>\nCarte d\u2019identit\u00e9, groupe sanguin, carte vitale pour la France et carte europ\u00e9enne d\u2019assurance<br \/>\nmaladie \u00e0 demander \u00e0 la s\u00e9curit\u00e9 sociale pour l\u2019Espagne, carte bancaire, \u00e9ventuellement<br \/>\ncarte de t\u00e9l\u00e9phone internationale, carte de p\u00e8lerin (voir Fiche B), carnet d\u2019adresses<br \/>\npour le courrier.<br \/>\nL\u2019ARGENT<br \/>\nVive l\u2019Euro ! Il suffit de faire suffisamment le plein aux distributeurs nombreux dans les<br \/>\nvilles et tu ne devrais rencontrer aucun probl\u00e8me en ce domaine. Il est difficile d\u2019\u00e9voquer<br \/>\nun budget, certains savent se contenter de peu, d\u2019autres ne peuvent dormir qu\u2019en h\u00f4tel, ce<br \/>\nqui est bien dommage pour eux ! En France, compter environ 30\u20ac\/jour. En Espagne, un<br \/>\nbudget de 15 \u00e0 20 \u20ac\/jour appara\u00eet d\u00e9j\u00e0 confortable.<br \/>\nLE TELEPHONE<br \/>\nLe portable a ses inconditionnels et ses r\u00e9fractaires. Il faut reconna\u00eetre qu\u2019il devient<br \/>\nrapidement indispensable pour ceux qui le poss\u00e8dent ; alors, comme partout en France<br \/>\ndans les lieux publics, trains \u2026, utilise ton portable le plus discr\u00e8tement possible ; n\u2019oublie<br \/>\npas d\u2019interrompre la sonnerie si n\u00e9cessaire, en particulier dans les lieux de culte. La couverture<br \/>\ndu r\u00e9seau est pratiquement totale en Espagne. A d\u00e9faut de portable, tu trouveras<br \/>\nfacilement des cabines dans les villes et villages d\u2019Espagne.<br \/>\nLE RETOUR<br \/>\nComme nos anc\u00eatres, tu as \u00e9videmment tout le loisir de revenir comme tu es parti. Sinon,<br \/>\ntu auras essentiellement le choix entre bus et train.<br \/>\n&#8211; en bus : Plusieurs Compagnies te proposent des lignes r\u00e9guli\u00e8res desservant les grandes<br \/>\nvilles fran\u00e7aises et au-del\u00e0 en Europe. Environ 24h de bus entre Santiago et la Lorraine.<br \/>\nTu peux aussi t\u2019arr\u00eater \u00e0 la fronti\u00e8re pour terminer en train. Tu trouveras des d\u00e9pliants<br \/>\navec toutes les informations sur les Compagnies, les tarifs, les horaires dans les refuges<br \/>\nsitu\u00e9s \u00e0 moins de 50 km de Santiago, et en tout dernier lieu, au bureau d\u2019accueil des p\u00e8lerins<br \/>\nvoisin de la Cath\u00e9drale (1, rua do Vilar) lorsque tu t\u2019y rendras pour obtenir ta Compostela.<br \/>\n&#8211; en train : Tous les jours un train direct quitte Santiago vers 9h pour arriver \u00e0 Hendaye<br \/>\nvers 20h30, en correspondance par TGV ou par train de nuit vers Paris. La r\u00e9servation au<br \/>\nplus tard la veille est obligatoire. Tu te renseigneras avant ton d\u00e9part de France sur les<br \/>\npossibilit\u00e9s de r\u00e9ductions tarifaires sur le r\u00e9seau SNCF.<br \/>\n. . . APRES LE RETOUR<br \/>\nTu es rentr\u00e9, tu as r\u00e9ussi \u00e0 \u00ab atterrir \u00bb sans trop de probl\u00e8mes et \u00e0 retrouver tes rep\u00e8res<br \/>\nhabituels,\u2026 mais tu as grande envie de repartir, d\u2019\u00e9prouver \u00e0 nouveau les sensations<br \/>\nque tu as v\u00e9cues durant ce p\u00e8lerinage. Ne fais aucun complexe, le contraire serait anormal<br \/>\n; alors, viens reprendre contact avec l\u2019Association des Amis de Saint-Jacques de<br \/>\nCompostelle en Lorraine afin d\u2019aider les autres \u00e0 ton tour, de te renseigner pour<br \/>\ndevenir hospitalero, ou te pr\u00e9parer \u00e0 repartir\u2026. nous t\u2019attendons<\/p>\n","protected":false},"excerpt":{"rendered":"<p>LES PAPIERS Carte d\u2019identit\u00e9, groupe sanguin, carte vitale pour la France et carte europ\u00e9enne d\u2019assurance maladie \u00e0 demander \u00e0 la s\u00e9curit\u00e9 sociale pour l\u2019Espagne, carte bancaire, \u00e9ventuellement carte de t\u00e9l\u00e9phone internationale, carte de p\u00e8lerin (voir Fiche B), carnet d\u2019adresses pour &hellip; <a href=\"https:\/\/www.st-jacques-lorraine.fr\/asso_lorraine\/nvx_site\/association\/conseils-avant-de-partir-sur-le-chemin\/les-petits-sur-le-chemin\/\">Continuer la lecture <span class=\"meta-nav\">&rarr;<\/span><\/a><\/p>\n","protected":false},"author":2,"featured_media":0,"parent":18,"menu_order":3,"comment_status":"closed","ping_status":"closed","template":"onecolumn-page.php","meta":{"footnotes":""},"class_list":["post-97","page","type-page","status-publish","hentry"],"_links":{"self":[{"href":"https:\/\/www.st-jacques-lorraine.fr\/asso_lorraine\/nvx_site\/wp-json\/wp\/v2\/pages\/97","targetHints":{"allow":["GET"]}}],"collection":[{"href":"https:\/\/www.st-jacques-lorraine.fr\/asso_lorraine\/nvx_site\/wp-json\/wp\/v2\/pages"}],"about":[{"href":"https:\/\/www.st-jacques-lorraine.fr\/asso_lorraine\/nvx_site\/wp-json\/wp\/v2\/types\/page"}],"author":[{"embeddable":true,"href":"https:\/\/www.st-jacques-lorraine.fr\/asso_lorraine\/nvx_site\/wp-json\/wp\/v2\/users\/2"}],"replies":[{"embeddable":true,"href":"https:\/\/www.st-jacques-lorraine.fr\/asso_lorraine\/nvx_site\/wp-json\/wp\/v2\/comments?post=97"}],"version-history":[{"count":2,"href":"https:\/\/www.st-jacques-lorraine.fr\/asso_lorraine\/nvx_site\/wp-json\/wp\/v2\/pages\/97\/revisions"}],"predecessor-version":[{"id":99,"href":"https:\/\/www.st-jacques-lorraine.fr\/asso_lorraine\/nvx_site\/wp-json\/wp\/v2\/pages\/97\/revisions\/99"}],"up":[{"embeddable":true,"href":"https:\/\/www.st-jacques-lorraine.fr\/asso_lorraine\/nvx_site\/wp-json\/wp\/v2\/pages\/18"}],"wp:attachment":[{"href":"https:\/\/www.st-jacques-lorraine.fr\/asso_lorraine\/nvx_site\/wp-json\/wp\/v2\/media?parent=97"}],"curies":[{"name":"wp","href":"https:\/\/api.w.org\/{rel}","templated":true}]}}